{"id":5675,"date":"2024-11-15T10:37:16","date_gmt":"2024-11-15T02:37:16","guid":{"rendered":"https:\/\/www.openbyt.com\/?post_type=product&#038;p=5675"},"modified":"2024-11-15T10:41:07","modified_gmt":"2024-11-15T02:41:07","slug":"zenith-technology-and-it-company-elementor-template-suite","status":"publish","type":"product","link":"https:\/\/www.openbyt.com\/de\/produkt\/zenith-technologie-und-it-unternehmen-elementor-template-suite","title":{"rendered":"Zenith - Technologie- und IT-Unternehmen Elementor Template Suite"},"content":{"rendered":"<p><b><strong>Zenith - Elementor Template Suite f\u00fcr Technologie- und IT-Unternehmen Elementor Template<\/strong><\/b> Suite ist eine Elementor-Vorlagen-Suite f\u00fcr WordPress-Websites, die f\u00fcr Technologie- und IT-Unternehmen entwickelt wurde. Die Suite bietet ein modernes und professionelles Design, mit dem Benutzer schnell hochwertige Unternehmenswebsites erstellen k\u00f6nnen.<\/p>\n<h3><b>Hauptmerkmale:<\/b><\/h3>\n<ul>\n<li><b><strong>Mehrseitiges Layout<\/strong><\/b>: enth\u00e4lt Seiten f\u00fcr Homepage, \u00dcber uns, Dienstleistungen, Projekte, Team, Blog und Kontakt, um verschiedene Anforderungen an die Pr\u00e4sentation von Inhalten zu erf\u00fcllen.<\/li>\n<li><b><strong>Reaktionsf\u00e4higes Design<\/strong><\/b>: Stellen Sie sicher, dass die Website auf Desktop-, Tablet- und Mobilger\u00e4ten gut dargestellt wird.<\/li>\n<li><b><strong>Leicht anpassbar<\/strong><\/b>: Mit dem Drag-and-Drop-Editor von Elementor k\u00f6nnen Sie Inhalte und Layout ganz einfach ohne Programmierung \u00e4ndern.<\/li>\n<li><b><strong>SEO-freundlich<\/strong><\/b>: Nutzen Sie die besten Praktiken, um die Platzierung in Suchmaschinen zu verbessern.<\/li>\n<\/ul>\n<h3><b>Vorbereitung vor dem Gebrauch:<\/b><\/h3>\n<p>Bevor Sie die Zenith Template Suite verwenden, stellen Sie bitte sicher, dass Sie das Elementor Plugin installiert und aktiviert haben. Es wird au\u00dferdem empfohlen, die folgenden Schriftarten herunterzuladen und zu installieren, um ein einheitliches Design zu gew\u00e4hrleisten:<\/p>\n<ul>\n<li><b><strong>Montserrat Schriftarten:<\/strong><\/b> https: <a href=\"https:\/\/www.361sale.com\/?golink=aHR0cHM6Ly93d3cuZm9udHNxdWlycmVsLmNvbS9mb250cy9tb250c2VycmF0\" target=\"_blank\" rel=\"noopener\">\/\/www.fontsquirrel.com\/fonts\/montserrat<\/a><\/li>\n<li><b><strong>Lato-Schriften:<\/strong><\/b> https: <a href=\"https:\/\/www.361sale.com\/?golink=aHR0cHM6Ly93d3cuZm9udHNxdWlycmVsLmNvbS9mb250cy9sYXRv\" target=\"_blank\" rel=\"noopener\">\/\/www.fontsquirrel.com\/fonts\/lato<\/a><\/li>\n<\/ul>\n<h3><b>Zug\u00e4nglichkeit:<\/b><\/h3>\n<p>Die Zenith-Vorlagen-Suite ist auf mehreren Plattformen verf\u00fcgbar, z.B. ThemeForest und Envato Elements. Bitte w\u00e4hlen Sie den entsprechenden Kanal, um sie herunterzuladen und zu installieren, je nach Ihren Bed\u00fcrfnissen.<\/p>\n<p>Wenn Sie weitere Informationen oder Unterst\u00fctzung ben\u00f6tigen, kontaktieren Sie uns bitte.<\/p>","protected":false},"excerpt":{"rendered":"<p>Zenith &#8211; Elementor Template Suite for Technology and IT Companies Elementor Template Suite is an Elementor template suite for WordPress websites designed for technology and&hellip;<\/p>","protected":false},"featured_media":5682,"comment_status":"open","ping_status":"closed","template":"","meta":[],"product_cat":[466],"product_tag":[],"class_list":{"0":"post-5675","1":"product","2":"type-product","3":"status-publish","4":"has-post-thumbnail","6":"product_cat-template","8":"first","9":"instock","10":"shipping-taxable","11":"purchasable","12":"product-type-simple"},"_links":{"self":[{"href":"https:\/\/www.openbyt.com\/de\/wp-json\/wp\/v2\/product\/5675","targetHints":{"allow":["GET"]}}],"collection":[{"href":"https:\/\/www.openbyt.com\/de\/wp-json\/wp\/v2\/product"}],"about":[{"href":"https:\/\/www.openbyt.com\/de\/wp-json\/wp\/v2\/types\/product"}],"replies":[{"embeddable":true,"href":"https:\/\/www.openbyt.com\/de\/wp-json\/wp\/v2\/comments?post=5675"}],"version-history":[{"count":1,"href":"https:\/\/www.openbyt.com\/de\/wp-json\/wp\/v2\/product\/5675\/revisions"}],"predecessor-version":[{"id":5680,"href":"https:\/\/www.openbyt.com\/de\/wp-json\/wp\/v2\/product\/5675\/revisions\/5680"}],"wp:featuredmedia":[{"embeddable":true,"href":"https:\/\/www.openbyt.com\/de\/wp-json\/wp\/v2\/media\/5682"}],"wp:attachment":[{"href":"https:\/\/www.openbyt.com\/de\/wp-json\/wp\/v2\/media?parent=5675"}],"wp:term":[{"taxonomy":"product_cat","embeddable":true,"href":"https:\/\/www.openbyt.com\/de\/wp-json\/wp\/v2\/product_cat?post=5675"},{"taxonomy":"product_tag","embeddable":true,"href":"https:\/\/www.openbyt.com\/de\/wp-json\/wp\/v2\/product_tag?post=5675"}],"curies":[{"name":"wp","href":"https:\/\/api.w.org\/{rel}","templated":true}]}}