{"id":5684,"date":"2024-11-15T10:49:16","date_gmt":"2024-11-15T02:49:16","guid":{"rendered":"https:\/\/www.openbyt.com\/?post_type=product&#038;p=5684"},"modified":"2024-11-15T10:49:17","modified_gmt":"2024-11-15T02:49:17","slug":"playgame-gaming-elementor-template-suite","status":"publish","type":"product","link":"https:\/\/www.openbyt.com\/de\/produkt\/playgame-gaming-elementor-template-suite","title":{"rendered":"Playgame - Gaming Elementor Template Suite"},"content":{"rendered":"<p>Playgame ist eine Elementor-Vorlagen-Suite, die f\u00fcr eSports- und Gaming-Websites f\u00fcr die WordPress-Plattform entwickelt wurde. Die Suite bietet ein modernes und professionelles Design, mit dem Sie schnell hochwertige eSports- und Gaming-Websites erstellen k\u00f6nnen.<\/p>\n<h2><b><strong>Wichtige Merkmale:<\/strong><\/b><\/h2>\n<ul>\n<li><b><strong>Mehrere Seitenlayouts:<\/strong><\/b> Enth\u00e4lt Homepage, \u00dcber uns, Sponsoren, Spielerdetails, Kontakt, Team, FAQ, Turniere, Blogs und einzelne Beitr\u00e4ge, um verschiedene Anforderungen an die Pr\u00e4sentation von Inhalten zu erf\u00fcllen.<\/li>\n<li><b><strong>Reaktionsf\u00e4higes Design:<\/strong><\/b> Sorgt daf\u00fcr, dass die Website auf Desktop-, Tablet- und Mobilger\u00e4ten gut dargestellt wird.<\/li>\n<li><b><strong>Leicht anpassbar:<\/strong><\/b> Mit dem Drag-and-Drop-Editor von Elementor k\u00f6nnen Sie Inhalt und Layout ganz einfach ohne Programmierung \u00e4ndern.<\/li>\n<li><b><strong>SEO-freundlich:<\/strong><\/b> Nutzen Sie die besten Praktiken, um die Platzierung in Suchmaschinen zu verbessern.<\/li>\n<\/ul>\n<h2><b><strong>F\u00fcr den Gebrauch vorbereiten:<\/strong><\/b><\/h2>\n<p>Bevor Sie die Playgame Template Suite verwenden, stellen Sie bitte sicher, dass das Elementor-Plugin installiert und aktiviert ist. Es wird au\u00dferdem empfohlen, die folgenden Schriftarten herunterzuladen und zu installieren, um ein einheitliches Design zu gew\u00e4hrleisten:<\/p>\n<ul>\n<li><b><strong>Montserrat: https:<\/strong><\/b> <a href=\"https:\/\/www.361sale.com\/?golink=aHR0cHM6Ly93d3cuZm9udHNxdWlycmVsLmNvbS9mb250cy9tb250c2VycmF0\" target=\"_blank\" rel=\"noopener\">\/\/www.fontsquirrel.com\/fonts\/montserrat<\/a><\/li>\n<li><b><strong>Lato: https:<\/strong><\/b> <a href=\"https:\/\/www.361sale.com\/?golink=aHR0cHM6Ly93d3cuZm9udHNxdWlycmVsLmNvbS9mb250cy9sYXRv\" target=\"_blank\" rel=\"noopener\">\/\/www.fontsquirrel.com\/fonts\/lato<\/a><\/li>\n<\/ul>\n<p><b><strong>Zug\u00e4nglichkeit:<\/strong><\/b><\/p>\n<p>Wenn Sie weitere Informationen oder Unterst\u00fctzung ben\u00f6tigen, kontaktieren Sie uns bitte unter<\/p>","protected":false},"excerpt":{"rendered":"<p>Playgame is an Elementor template suite designed for eSports and gaming related websites for the WordPress platform. The suite offers a modern and professional design&hellip;<\/p>","protected":false},"featured_media":5685,"comment_status":"open","ping_status":"closed","template":"","meta":[],"product_cat":[466],"product_tag":[],"class_list":{"0":"post-5684","1":"product","2":"type-product","3":"status-publish","4":"has-post-thumbnail","6":"product_cat-template","8":"first","9":"instock","10":"shipping-taxable","11":"purchasable","12":"product-type-simple"},"_links":{"self":[{"href":"https:\/\/www.openbyt.com\/de\/wp-json\/wp\/v2\/product\/5684","targetHints":{"allow":["GET"]}}],"collection":[{"href":"https:\/\/www.openbyt.com\/de\/wp-json\/wp\/v2\/product"}],"about":[{"href":"https:\/\/www.openbyt.com\/de\/wp-json\/wp\/v2\/types\/product"}],"replies":[{"embeddable":true,"href":"https:\/\/www.openbyt.com\/de\/wp-json\/wp\/v2\/comments?post=5684"}],"version-history":[{"count":1,"href":"https:\/\/www.openbyt.com\/de\/wp-json\/wp\/v2\/product\/5684\/revisions"}],"predecessor-version":[{"id":5688,"href":"https:\/\/www.openbyt.com\/de\/wp-json\/wp\/v2\/product\/5684\/revisions\/5688"}],"wp:featuredmedia":[{"embeddable":true,"href":"https:\/\/www.openbyt.com\/de\/wp-json\/wp\/v2\/media\/5685"}],"wp:attachment":[{"href":"https:\/\/www.openbyt.com\/de\/wp-json\/wp\/v2\/media?parent=5684"}],"wp:term":[{"taxonomy":"product_cat","embeddable":true,"href":"https:\/\/www.openbyt.com\/de\/wp-json\/wp\/v2\/product_cat?post=5684"},{"taxonomy":"product_tag","embeddable":true,"href":"https:\/\/www.openbyt.com\/de\/wp-json\/wp\/v2\/product_tag?post=5684"}],"curies":[{"name":"wp","href":"https:\/\/api.w.org\/{rel}","templated":true}]}}