{"id":5689,"date":"2024-11-15T10:53:43","date_gmt":"2024-11-15T02:53:43","guid":{"rendered":"https:\/\/www.openbyt.com\/?post_type=product&#038;p=5689"},"modified":"2025-04-13T19:04:41","modified_gmt":"2025-04-13T11:04:41","slug":"deefun-festival-event-organizer-elementor-template-suite","status":"publish","type":"product","link":"https:\/\/www.openbyt.com\/de\/produkt\/deefun-festival-event-organizer-elementor-template-suite","title":{"rendered":"DeeFun - Festival- &amp; Event-Organisator Elementor Template Suite"},"content":{"rendered":"<p>DeeFun ist eine Elementor-Vorlagen-Suite f\u00fcr WordPress-Websites, die f\u00fcr Festival- und Event-Veranstalter entwickelt wurde. Die Suite bietet ein modernes und professionelles Design, mit dem Sie schnell hochwertige Websites f\u00fcr Eventveranstalter erstellen k\u00f6nnen.<\/p>\n<h2><b>Wesentliche Merkmale<\/b><\/h2>\n<ul>\n<li><b><strong>Mehrere Seitenlayouts:<\/strong><\/b> Enth\u00e4lt die Rubriken Home, \u00dcber uns, Dienstleistungen, Veranstaltungshinweise, FAQ, Nachrichten, Galerie und Kontakt f\u00fcr unterschiedliche Anforderungen an die Darstellung von Inhalten.<\/li>\n<li><b><strong>Reaktionsf\u00e4higes Design:<\/strong><\/b> Stellen Sie sicher, dass Ihre Website auf Desktop-, Tablet- und Mobilger\u00e4ten gut dargestellt wird.<\/li>\n<li><b><strong>Leicht anpassbar:<\/strong><\/b> Der Drag-and-Drop-Editor von Elementor macht es dem Benutzer leicht, Inhalt und Layout ohne Programmierung zu \u00e4ndern.<\/li>\n<li><b><strong>SEO-freundlich:<\/strong><\/b> Nutzen Sie die besten Praktiken, um die Platzierung in Suchmaschinen zu verbessern.<\/li>\n<\/ul>\n<h2><b><strong>Vorbereitung vor dem Gebrauch:<\/strong><\/b><\/h2>\n<p>Bevor Sie die DeeFun Template Suite verwenden, stellen Sie bitte sicher, dass Sie das Elementor Plugin installiert und aktiviert haben. Es wird au\u00dferdem empfohlen, die folgenden Schriftarten herunterzuladen und zu installieren, um ein einheitliches Design zu gew\u00e4hrleisten:<\/p>\n<ul>\n<li><b><strong>Montserrat-Schriftarten: https:<\/strong><\/b> <a href=\"https:\/\/www.361sale.com\/?golink=aHR0cHM6Ly93d3cuZm9udHNxdWlycmVsLmNvbS9mb250cy9tb250c2VycmF0\" target=\"_blank\" rel=\"noopener\">\/\/www.fontsquirrel.com\/fonts\/montserrat<\/a><\/li>\n<li><b><strong>Lato-Schriftarten: https:<\/strong><\/b> <a href=\"https:\/\/www.361sale.com\/?golink=aHR0cHM6Ly93d3cuZm9udHNxdWlycmVsLmNvbS9mb250cy9sYXRv\" target=\"_blank\" rel=\"noopener\">\/\/www.fontsquirrel.com\/fonts\/lato<\/a><\/li>\n<\/ul>\n<p><b><strong>Zug\u00e4nglichkeit:<\/strong><\/b><\/p>\n<p>Wenn Sie weitere Informationen oder Unterst\u00fctzung ben\u00f6tigen, kontaktieren Sie uns bitte.<\/p>","protected":false},"excerpt":{"rendered":"<p>DeeFun is an Elementor template suite for WordPress websites designed for festival and event organizers. The suite offers a modern and professional design to help&hellip;<\/p>","protected":false},"featured_media":5690,"comment_status":"open","ping_status":"closed","template":"","meta":[],"product_cat":[466],"product_tag":[],"class_list":{"0":"post-5689","1":"product","2":"type-product","3":"status-publish","4":"has-post-thumbnail","6":"product_cat-template","8":"first","9":"instock","10":"shipping-taxable","11":"purchasable","12":"product-type-simple"},"_links":{"self":[{"href":"https:\/\/www.openbyt.com\/de\/wp-json\/wp\/v2\/product\/5689","targetHints":{"allow":["GET"]}}],"collection":[{"href":"https:\/\/www.openbyt.com\/de\/wp-json\/wp\/v2\/product"}],"about":[{"href":"https:\/\/www.openbyt.com\/de\/wp-json\/wp\/v2\/types\/product"}],"replies":[{"embeddable":true,"href":"https:\/\/www.openbyt.com\/de\/wp-json\/wp\/v2\/comments?post=5689"}],"version-history":[{"count":1,"href":"https:\/\/www.openbyt.com\/de\/wp-json\/wp\/v2\/product\/5689\/revisions"}],"predecessor-version":[{"id":5695,"href":"https:\/\/www.openbyt.com\/de\/wp-json\/wp\/v2\/product\/5689\/revisions\/5695"}],"wp:featuredmedia":[{"embeddable":true,"href":"https:\/\/www.openbyt.com\/de\/wp-json\/wp\/v2\/media\/5690"}],"wp:attachment":[{"href":"https:\/\/www.openbyt.com\/de\/wp-json\/wp\/v2\/media?parent=5689"}],"wp:term":[{"taxonomy":"product_cat","embeddable":true,"href":"https:\/\/www.openbyt.com\/de\/wp-json\/wp\/v2\/product_cat?post=5689"},{"taxonomy":"product_tag","embeddable":true,"href":"https:\/\/www.openbyt.com\/de\/wp-json\/wp\/v2\/product_tag?post=5689"}],"curies":[{"name":"wp","href":"https:\/\/api.w.org\/{rel}","templated":true}]}}