{"id":5701,"date":"2024-11-15T11:00:17","date_gmt":"2024-11-15T03:00:17","guid":{"rendered":"https:\/\/www.openbyt.com\/?post_type=product&#038;p=5701"},"modified":"2024-11-15T11:00:19","modified_gmt":"2024-11-15T03:00:19","slug":"devour-elementor-template-suite-for-game-developers","status":"publish","type":"product","link":"https:\/\/www.openbyt.com\/de\/produkt\/devour-elementor-template-suite-fur-spieleentwickler","title":{"rendered":"Devour - Elementor Template Suite f\u00fcr Spieleentwickler"},"content":{"rendered":"<p>Devour ist eine Elementor-Vorlagen-Suite f\u00fcr WordPress-Websites, die f\u00fcr Spieleentwickler entwickelt wurde. Die Suite bietet ein modernes und professionelles Design, mit dem Sie schnell hochwertige Websites f\u00fcr Spieleentwickler erstellen k\u00f6nnen.<\/p>\n<h2><b>Wichtige Merkmale:<\/b><\/h2>\n<ul>\n<li><b><strong>Mehrere Seitenlayouts:<\/strong><\/b> Enth\u00e4lt die Seiten Home, \u00dcber uns, Dienstleistungen, Kontakt, Team, Portfolio, Individuelle Arbeiten, FAQ, Blog und 404, um verschiedene Anforderungen an die Darstellung von Inhalten zu erf\u00fcllen.<\/li>\n<li><b><strong>Reaktionsf\u00e4higes Design:<\/strong><\/b> Sorgt daf\u00fcr, dass die Website auf Desktop-, Tablet- und Mobilger\u00e4ten gut dargestellt wird.<\/li>\n<li><b><strong>Leicht anpassbar:<\/strong><\/b> Der Drag-and-Drop-Editor von Elementor macht es dem Benutzer leicht, Inhalt und Layout ohne Programmierung zu \u00e4ndern.<\/li>\n<li><b><strong>SEO-freundlich:<\/strong><\/b> Nutzen Sie die besten Praktiken, um die Platzierung in Suchmaschinen zu verbessern.<\/li>\n<\/ul>\n<h2><b>Vorbereitung vor dem Gebrauch:<\/b><\/h2>\n<p>Bevor Sie die Devour Template Suite verwenden, stellen Sie bitte sicher, dass das Elementor Plugin installiert und aktiviert ist. Es wird au\u00dferdem empfohlen, die folgenden Schriftarten herunterzuladen und zu installieren, um ein einheitliches Design zu gew\u00e4hrleisten:<\/p>\n<ul>\n<li><b><strong>Montserrat: https:<\/strong><\/b> <a href=\"https:\/\/www.361sale.com\/?golink=aHR0cHM6Ly93d3cuZm9udHNxdWlycmVsLmNvbS9mb250cy9tb250c2VycmF0\" target=\"_blank\" rel=\"noopener\">\/\/www.fontsquirrel.com\/fonts\/montserrat<\/a><\/li>\n<li><b><strong>Lato: https:<\/strong><\/b> <a href=\"https:\/\/www.361sale.com\/?golink=aHR0cHM6Ly93d3cuZm9udHNxdWlycmVsLmNvbS9mb250cy9sYXRv\" target=\"_blank\" rel=\"noopener\">\/\/www.fontsquirrel.com\/fonts\/lato<\/a><\/li>\n<\/ul>\n<p><b><strong>Zug\u00e4nglichkeit:<\/strong><\/b><\/p>\n<p>Wenn Sie weitere Informationen oder Unterst\u00fctzung ben\u00f6tigen, kontaktieren Sie uns bitte.<\/p>","protected":false},"excerpt":{"rendered":"<p>Devour is an Elementor template suite for WordPress websites designed for game developers. The suite offers a modern and professional design to help users quickly&hellip;<\/p>","protected":false},"featured_media":5702,"comment_status":"open","ping_status":"closed","template":"","meta":[],"product_cat":[466],"product_tag":[],"class_list":{"0":"post-5701","1":"product","2":"type-product","3":"status-publish","4":"has-post-thumbnail","6":"product_cat-template","8":"first","9":"instock","10":"shipping-taxable","11":"purchasable","12":"product-type-simple"},"_links":{"self":[{"href":"https:\/\/www.openbyt.com\/de\/wp-json\/wp\/v2\/product\/5701","targetHints":{"allow":["GET"]}}],"collection":[{"href":"https:\/\/www.openbyt.com\/de\/wp-json\/wp\/v2\/product"}],"about":[{"href":"https:\/\/www.openbyt.com\/de\/wp-json\/wp\/v2\/types\/product"}],"replies":[{"embeddable":true,"href":"https:\/\/www.openbyt.com\/de\/wp-json\/wp\/v2\/comments?post=5701"}],"version-history":[{"count":1,"href":"https:\/\/www.openbyt.com\/de\/wp-json\/wp\/v2\/product\/5701\/revisions"}],"predecessor-version":[{"id":5705,"href":"https:\/\/www.openbyt.com\/de\/wp-json\/wp\/v2\/product\/5701\/revisions\/5705"}],"wp:featuredmedia":[{"embeddable":true,"href":"https:\/\/www.openbyt.com\/de\/wp-json\/wp\/v2\/media\/5702"}],"wp:attachment":[{"href":"https:\/\/www.openbyt.com\/de\/wp-json\/wp\/v2\/media?parent=5701"}],"wp:term":[{"taxonomy":"product_cat","embeddable":true,"href":"https:\/\/www.openbyt.com\/de\/wp-json\/wp\/v2\/product_cat?post=5701"},{"taxonomy":"product_tag","embeddable":true,"href":"https:\/\/www.openbyt.com\/de\/wp-json\/wp\/v2\/product_tag?post=5701"}],"curies":[{"name":"wp","href":"https:\/\/api.w.org\/{rel}","templated":true}]}}