{"id":5706,"date":"2024-11-15T11:03:30","date_gmt":"2024-11-15T03:03:30","guid":{"rendered":"https:\/\/www.openbyt.com\/?post_type=product&#038;p=5706"},"modified":"2025-06-07T07:52:20","modified_gmt":"2025-06-06T23:52:20","slug":"junio-elementor-template-suite-for-gaming-events-and-game-hosts","status":"publish","type":"product","link":"https:\/\/www.openbyt.com\/de\/produkt\/junio-elementor-template-suite-fur-spielevents-und-spielveranstalter","title":{"rendered":"Junio - Elementor Template Suite f\u00fcr Gaming-Events und Spielveranstalter"},"content":{"rendered":"<p>Junio ist eine Elementor-Vorlagen-Suite, die f\u00fcr eSports-Events und Gamemaster f\u00fcr WordPress-Websites entwickelt wurde. Die Suite bietet ein modernes und professionelles Design, mit dem Sie schnell hochwertige Websites zum Thema eSports erstellen k\u00f6nnen.<\/p>\n<h2><b><strong>Wichtige Merkmale:<\/strong><\/b><\/h2>\n<ul>\n<li><b><strong>Mehrseitiges Layout:<\/strong><\/b> Enth\u00e4lt eine Homepage, ein Impressum, einen Turnierplan, Mannschaftsprofile, einen Blog und eine Kontaktseite, um verschiedene Anforderungen an die Pr\u00e4sentation von Inhalten zu erf\u00fcllen.<\/li>\n<li><b><strong>Reaktionsf\u00e4higes Design:<\/strong><\/b> Stellen Sie sicher, dass Ihre Website auf Desktop, Tablet und mobilen Ger\u00e4ten gut aussieht.<\/li>\n<li><b><strong>Leicht anpassbar:<\/strong><\/b> Mit dem Drag-and-Drop-Editor von Elementor k\u00f6nnen Sie Inhalt und Layout ganz einfach ohne Programmierung \u00e4ndern.<\/li>\n<li><b><strong>SEO-freundlich:<\/strong><\/b> Nutzt die besten Praktiken, um die Platzierung in Suchmaschinen zu verbessern.<\/li>\n<li><b><strong>Hochwertige Bilder:<\/strong><\/b> Die Bilder in der Vorschauvorlage stammen von Unsplash und Pexels, um einen visuell ansprechenden Look zu gew\u00e4hrleisten.<\/li>\n<\/ul>\n<h2><b><strong>Vorbereitung vor dem Gebrauch:<\/strong><\/b><\/h2>\n<p>Bevor Sie die Junio Template Suite verwenden, stellen Sie bitte sicher, dass das Elementor Plugin installiert und aktiviert ist. Es wird au\u00dferdem empfohlen, die folgenden Schriftarten herunterzuladen und zu installieren, um ein einheitliches Design zu gew\u00e4hrleisten:<\/p>\n<ul>\n<li><b><strong>Montserrat: https:<\/strong><\/b> <a href=\"https:\/\/www.361sale.com\/?golink=aHR0cHM6Ly93d3cuZm9udHNxdWlycmVsLmNvbS9mb250cy9tb250c2VycmF0\" target=\"_blank\" rel=\"noopener\">\/\/www.fontsquirrel.com\/fonts\/montserrat<\/a><\/li>\n<li><b><strong>Lato: https:<\/strong><\/b><a href=\"https:\/\/www.361sale.com\/?golink=aHR0cHM6Ly93d3cuZm9udHNxdWlycmVsLmNvbS9mb250cy9sYXRv\" target=\"_blank\" rel=\"noopener\"> \/\/www.fontsquirrel.com\/fonts\/lato<\/a><\/li>\n<\/ul>\n<p><b><strong>Zug\u00e4nglichkeit:<\/strong><\/b><\/p>\n<p>Wenn Sie weitere Informationen oder Unterst\u00fctzung ben\u00f6tigen, kontaktieren Sie uns bitte.<\/p>","protected":false},"excerpt":{"rendered":"<p>Junio is an Elementor template suite designed for eSports events and gamemasters for WordPress websites. The suite offers a modern and professional design to help&hellip;<\/p>","protected":false},"featured_media":5707,"comment_status":"open","ping_status":"closed","template":"","meta":[],"product_cat":[466],"product_tag":[],"class_list":{"0":"post-5706","1":"product","2":"type-product","3":"status-publish","4":"has-post-thumbnail","6":"product_cat-template","8":"first","9":"instock","10":"shipping-taxable","11":"purchasable","12":"product-type-simple"},"_links":{"self":[{"href":"https:\/\/www.openbyt.com\/de\/wp-json\/wp\/v2\/product\/5706","targetHints":{"allow":["GET"]}}],"collection":[{"href":"https:\/\/www.openbyt.com\/de\/wp-json\/wp\/v2\/product"}],"about":[{"href":"https:\/\/www.openbyt.com\/de\/wp-json\/wp\/v2\/types\/product"}],"replies":[{"embeddable":true,"href":"https:\/\/www.openbyt.com\/de\/wp-json\/wp\/v2\/comments?post=5706"}],"version-history":[{"count":1,"href":"https:\/\/www.openbyt.com\/de\/wp-json\/wp\/v2\/product\/5706\/revisions"}],"predecessor-version":[{"id":5710,"href":"https:\/\/www.openbyt.com\/de\/wp-json\/wp\/v2\/product\/5706\/revisions\/5710"}],"wp:featuredmedia":[{"embeddable":true,"href":"https:\/\/www.openbyt.com\/de\/wp-json\/wp\/v2\/media\/5707"}],"wp:attachment":[{"href":"https:\/\/www.openbyt.com\/de\/wp-json\/wp\/v2\/media?parent=5706"}],"wp:term":[{"taxonomy":"product_cat","embeddable":true,"href":"https:\/\/www.openbyt.com\/de\/wp-json\/wp\/v2\/product_cat?post=5706"},{"taxonomy":"product_tag","embeddable":true,"href":"https:\/\/www.openbyt.com\/de\/wp-json\/wp\/v2\/product_tag?post=5706"}],"curies":[{"name":"wp","href":"https:\/\/api.w.org\/{rel}","templated":true}]}}