{"id":5716,"date":"2024-11-15T11:08:51","date_gmt":"2024-11-15T03:08:51","guid":{"rendered":"https:\/\/www.openbyt.com\/?post_type=product&#038;p=5716"},"modified":"2024-11-15T11:09:06","modified_gmt":"2024-11-15T03:09:06","slug":"5716","status":"publish","type":"product","link":"https:\/\/www.openbyt.com\/de\/produkt\/5716","title":{"rendered":"Tarkamo - Fu\u00dfball und Sportereignisse Elementor Template Suite"},"content":{"rendered":"<p><b><strong>Tarkamo - Fu\u00dfball und Sportereignisse Elementor<\/strong><\/b> <b><strong>Template Suite<\/strong><\/b> ist eine Elementor-Vorlagensuite, die speziell f\u00fcr Fu\u00dfball- und Sportereignisse entwickelt wurde. Sie eignet sich f\u00fcr die Anzeige von Spielpl\u00e4nen, Ergebnissen, Mannschaftsprofilen usw. und erleichtert die Organisation und Promotion von Sportereignissen.<\/p>\n<h2><b>Wichtige Merkmale:<\/b><\/h2>\n<ul>\n<li><b><strong>Reaktionsf\u00e4higes Design<\/strong><\/b>: sorgt f\u00fcr eine gute Darstellung auf Ger\u00e4ten wie Desktops, Tablets und Smartphones.<\/li>\n<li><b><strong>Kompatibilit\u00e4t<\/strong><\/b>: Vollst\u00e4ndig kompatibel mit Elementor Page Builder, einfach anzupassen ohne Programmierkenntnisse.<\/li>\n<li><b><strong>Vorgefertigte Vorlagen<\/strong><\/b>: Enth\u00e4lt eine Vielzahl von Seitenvorlagen f\u00fcr Homepage, Spielpl\u00e4ne, Spieldetails, Mannschaften, Teamdetails, Spielerdetails, Buchungsseite, Preisseite, Blogseite, Einzelartikelseite, Spielplan und Spielaufstellungen.<\/li>\n<li><b><strong>Add-ons<\/strong><\/b>: umfasst das Design der Kopf- und Fu\u00dfzeile, das Buchungsformular MetForm, das globale Styling mit Plugins wie Elementor, Elementor Header &amp; Footer Builder, MetForm, ElementsKit Lite und Gum Elementor Addon.<\/li>\n<\/ul>\n<h2><b>Verwendungsszenarien:<\/b><\/h2>\n<p>Tarkamo ist perfekt f\u00fcr die Erstellung von Websites f\u00fcr Fu\u00dfballvereine, Sportveranstaltungen und \u00e4hnliche Aktivit\u00e4ten. Mit einer benutzerfreundlichen Oberfl\u00e4che und leicht anpassbaren Vorlagen ist die Suite sowohl f\u00fcr Anf\u00e4nger als auch f\u00fcr erfahrene Entwickler geeignet.<\/p>","protected":false},"excerpt":{"rendered":"<p>Tarkamo &#8211; Football and Sporting Events Elementor Template Suite is an Elementor template suite specially designed for soccer and sporting events, suitable for displaying fixtures,&hellip;<\/p>","protected":false},"featured_media":5717,"comment_status":"open","ping_status":"closed","template":"","meta":[],"product_cat":[466],"product_tag":[],"class_list":{"0":"post-5716","1":"product","2":"type-product","3":"status-publish","4":"has-post-thumbnail","6":"product_cat-template","8":"first","9":"instock","10":"shipping-taxable","11":"product-type-simple"},"_links":{"self":[{"href":"https:\/\/www.openbyt.com\/de\/wp-json\/wp\/v2\/product\/5716","targetHints":{"allow":["GET"]}}],"collection":[{"href":"https:\/\/www.openbyt.com\/de\/wp-json\/wp\/v2\/product"}],"about":[{"href":"https:\/\/www.openbyt.com\/de\/wp-json\/wp\/v2\/types\/product"}],"replies":[{"embeddable":true,"href":"https:\/\/www.openbyt.com\/de\/wp-json\/wp\/v2\/comments?post=5716"}],"version-history":[{"count":2,"href":"https:\/\/www.openbyt.com\/de\/wp-json\/wp\/v2\/product\/5716\/revisions"}],"predecessor-version":[{"id":5721,"href":"https:\/\/www.openbyt.com\/de\/wp-json\/wp\/v2\/product\/5716\/revisions\/5721"}],"wp:featuredmedia":[{"embeddable":true,"href":"https:\/\/www.openbyt.com\/de\/wp-json\/wp\/v2\/media\/5717"}],"wp:attachment":[{"href":"https:\/\/www.openbyt.com\/de\/wp-json\/wp\/v2\/media?parent=5716"}],"wp:term":[{"taxonomy":"product_cat","embeddable":true,"href":"https:\/\/www.openbyt.com\/de\/wp-json\/wp\/v2\/product_cat?post=5716"},{"taxonomy":"product_tag","embeddable":true,"href":"https:\/\/www.openbyt.com\/de\/wp-json\/wp\/v2\/product_tag?post=5716"}],"curies":[{"name":"wp","href":"https:\/\/api.w.org\/{rel}","templated":true}]}}