{"id":5684,"date":"2024-11-15T10:49:16","date_gmt":"2024-11-15T02:49:16","guid":{"rendered":"https:\/\/www.openbyt.com\/?post_type=product&#038;p=5684"},"modified":"2024-11-15T10:49:17","modified_gmt":"2024-11-15T02:49:17","slug":"playgame-gaming-elementor-template-suite","status":"publish","type":"product","link":"https:\/\/www.openbyt.com\/es\/producto\/playgame-gaming-elementor-template-suite","title":{"rendered":"Playgame - Gaming Elementor Template Suite"},"content":{"rendered":"<p>Playgame is an Elementor template suite designed for eSports and gaming related websites for the WordPress platform. The suite offers a modern and professional design to help users quickly create high-quality eSports and gaming websites.<\/p>\n<h2><b><strong>Caracter\u00edsticas principales:<\/strong><\/b><\/h2>\n<ul>\n<li><b><strong>M\u00faltiples dise\u00f1os de p\u00e1gina:<\/strong><\/b> Includes homepage, about us, sponsors, player details, contact us, team, FAQ, tournaments, blogs, and single posts to fulfill different content presentation needs.<\/li>\n<li><b><strong>Dise\u00f1o receptivo:<\/strong><\/b> Garantiza que el sitio se visualice bien en ordenadores de sobremesa, tabletas y dispositivos m\u00f3viles.<\/li>\n<li><b><strong>F\u00e1cil de personalizar:<\/strong><\/b> El editor de arrastrar y soltar de Elementor permite a los usuarios modificar f\u00e1cilmente el contenido y el dise\u00f1o sin necesidad de programar.<\/li>\n<li><b><strong>Apto para SEO:<\/strong><\/b> Emplee las mejores pr\u00e1cticas para mejorar la clasificaci\u00f3n en los motores de b\u00fasqueda.<\/li>\n<\/ul>\n<h2><b><strong>Prepare for use:<\/strong><\/b><\/h2>\n<p>Before using the Playgame Template Suite, please make sure that the Elementor plugin is installed and activated. It is also recommended to download and install the following fonts to ensure a consistent design:<\/p>\n<ul>\n<li><b><strong>Montserrat: https:<\/strong><\/b> <a href=\"https:\/\/www.361sale.com\/?golink=aHR0cHM6Ly93d3cuZm9udHNxdWlycmVsLmNvbS9mb250cy9tb250c2VycmF0\" target=\"_blank\" rel=\"noopener\">\/\/www.fontsquirrel.com\/fonts\/montserrat<\/a><\/li>\n<li><b><strong>Lato: https:<\/strong><\/b> <a href=\"https:\/\/www.361sale.com\/?golink=aHR0cHM6Ly93d3cuZm9udHNxdWlycmVsLmNvbS9mb250cy9sYXRv\" target=\"_blank\" rel=\"noopener\">\/\/www.fontsquirrel.com\/fonts\/lato<\/a><\/li>\n<\/ul>\n<p><b><strong>Accesibilidad:<\/strong><\/b><\/p>\n<p>For further information or support, please contact us at<\/p>","protected":false},"excerpt":{"rendered":"<p>Playgame is an Elementor template suite designed for eSports and gaming related websites for the WordPress platform. The suite offers a modern and professional design&hellip;<\/p>","protected":false},"featured_media":5685,"comment_status":"open","ping_status":"closed","template":"","meta":[],"product_cat":[466],"product_tag":[],"class_list":{"0":"post-5684","1":"product","2":"type-product","3":"status-publish","4":"has-post-thumbnail","6":"product_cat-template","8":"first","9":"instock","10":"shipping-taxable","11":"purchasable","12":"product-type-simple"},"_links":{"self":[{"href":"https:\/\/www.openbyt.com\/es\/wp-json\/wp\/v2\/product\/5684","targetHints":{"allow":["GET"]}}],"collection":[{"href":"https:\/\/www.openbyt.com\/es\/wp-json\/wp\/v2\/product"}],"about":[{"href":"https:\/\/www.openbyt.com\/es\/wp-json\/wp\/v2\/types\/product"}],"replies":[{"embeddable":true,"href":"https:\/\/www.openbyt.com\/es\/wp-json\/wp\/v2\/comments?post=5684"}],"version-history":[{"count":1,"href":"https:\/\/www.openbyt.com\/es\/wp-json\/wp\/v2\/product\/5684\/revisions"}],"predecessor-version":[{"id":5688,"href":"https:\/\/www.openbyt.com\/es\/wp-json\/wp\/v2\/product\/5684\/revisions\/5688"}],"wp:featuredmedia":[{"embeddable":true,"href":"https:\/\/www.openbyt.com\/es\/wp-json\/wp\/v2\/media\/5685"}],"wp:attachment":[{"href":"https:\/\/www.openbyt.com\/es\/wp-json\/wp\/v2\/media?parent=5684"}],"wp:term":[{"taxonomy":"product_cat","embeddable":true,"href":"https:\/\/www.openbyt.com\/es\/wp-json\/wp\/v2\/product_cat?post=5684"},{"taxonomy":"product_tag","embeddable":true,"href":"https:\/\/www.openbyt.com\/es\/wp-json\/wp\/v2\/product_tag?post=5684"}],"curies":[{"name":"wp","href":"https:\/\/api.w.org\/{rel}","templated":true}]}}