{"id":5689,"date":"2024-11-15T10:53:43","date_gmt":"2024-11-15T02:53:43","guid":{"rendered":"https:\/\/www.openbyt.com\/?post_type=product&#038;p=5689"},"modified":"2025-04-13T19:04:41","modified_gmt":"2025-04-13T11:04:41","slug":"deefun-festival-event-organizer-elementor-template-suite","status":"publish","type":"product","link":"https:\/\/www.openbyt.com\/es\/producto\/deefun-festival-event-organizer-elementor-template-suite","title":{"rendered":"DeeFun - Festival &amp; Event Organizer Elementor Template Suite"},"content":{"rendered":"<p>DeeFun is an Elementor template suite for WordPress websites designed for festival and event organizers. The suite offers a modern and professional design to help users quickly create high-quality websites for event organizers.<\/p>\n<h2><b>Key Features<\/b><\/h2>\n<ul>\n<li><b><strong>M\u00faltiples dise\u00f1os de p\u00e1gina:<\/strong><\/b> Includes Home, About Us, Services, Event Listings, FAQ, News, Gallery, and Contact Us for different content display needs.<\/li>\n<li><b><strong>Dise\u00f1o receptivo:<\/strong><\/b> Ensure your website displays well on desktop, tablet and mobile devices.<\/li>\n<li><b><strong>F\u00e1cil de personalizar:<\/strong><\/b> El editor de arrastrar y soltar de Elementor facilita a los usuarios la modificaci\u00f3n del contenido y el dise\u00f1o sin necesidad de programar.<\/li>\n<li><b><strong>Apto para SEO:<\/strong><\/b> Emplee las mejores pr\u00e1cticas para mejorar la clasificaci\u00f3n en los motores de b\u00fasqueda.<\/li>\n<\/ul>\n<h2><b><strong>Preparaci\u00f3n previa al uso:<\/strong><\/b><\/h2>\n<p>Before using the DeeFun template suite, please make sure you have installed and activated the Elementor plugin. It is also recommended to download and install the following fonts to ensure a consistent design:<\/p>\n<ul>\n<li><b><strong>Montserrat Fonts: https:<\/strong><\/b> <a href=\"https:\/\/www.361sale.com\/?golink=aHR0cHM6Ly93d3cuZm9udHNxdWlycmVsLmNvbS9mb250cy9tb250c2VycmF0\" target=\"_blank\" rel=\"noopener\">\/\/www.fontsquirrel.com\/fonts\/montserrat<\/a><\/li>\n<li><b><strong>Lato fonts: https:<\/strong><\/b> <a href=\"https:\/\/www.361sale.com\/?golink=aHR0cHM6Ly93d3cuZm9udHNxdWlycmVsLmNvbS9mb250cy9sYXRv\" target=\"_blank\" rel=\"noopener\">\/\/www.fontsquirrel.com\/fonts\/lato<\/a><\/li>\n<\/ul>\n<p><b><strong>Accesibilidad:<\/strong><\/b><\/p>\n<p>Si desea m\u00e1s informaci\u00f3n o ayuda, p\u00f3ngase en contacto con nosotros.<\/p>","protected":false},"excerpt":{"rendered":"<p>DeeFun is an Elementor template suite for WordPress websites designed for festival and event organizers. The suite offers a modern and professional design to help&hellip;<\/p>","protected":false},"featured_media":5690,"comment_status":"open","ping_status":"closed","template":"","meta":[],"product_cat":[466],"product_tag":[],"class_list":{"0":"post-5689","1":"product","2":"type-product","3":"status-publish","4":"has-post-thumbnail","6":"product_cat-template","8":"first","9":"instock","10":"shipping-taxable","11":"purchasable","12":"product-type-simple"},"_links":{"self":[{"href":"https:\/\/www.openbyt.com\/es\/wp-json\/wp\/v2\/product\/5689","targetHints":{"allow":["GET"]}}],"collection":[{"href":"https:\/\/www.openbyt.com\/es\/wp-json\/wp\/v2\/product"}],"about":[{"href":"https:\/\/www.openbyt.com\/es\/wp-json\/wp\/v2\/types\/product"}],"replies":[{"embeddable":true,"href":"https:\/\/www.openbyt.com\/es\/wp-json\/wp\/v2\/comments?post=5689"}],"version-history":[{"count":1,"href":"https:\/\/www.openbyt.com\/es\/wp-json\/wp\/v2\/product\/5689\/revisions"}],"predecessor-version":[{"id":5695,"href":"https:\/\/www.openbyt.com\/es\/wp-json\/wp\/v2\/product\/5689\/revisions\/5695"}],"wp:featuredmedia":[{"embeddable":true,"href":"https:\/\/www.openbyt.com\/es\/wp-json\/wp\/v2\/media\/5690"}],"wp:attachment":[{"href":"https:\/\/www.openbyt.com\/es\/wp-json\/wp\/v2\/media?parent=5689"}],"wp:term":[{"taxonomy":"product_cat","embeddable":true,"href":"https:\/\/www.openbyt.com\/es\/wp-json\/wp\/v2\/product_cat?post=5689"},{"taxonomy":"product_tag","embeddable":true,"href":"https:\/\/www.openbyt.com\/es\/wp-json\/wp\/v2\/product_tag?post=5689"}],"curies":[{"name":"wp","href":"https:\/\/api.w.org\/{rel}","templated":true}]}}