{"id":5701,"date":"2024-11-15T11:00:17","date_gmt":"2024-11-15T03:00:17","guid":{"rendered":"https:\/\/www.openbyt.com\/?post_type=product&#038;p=5701"},"modified":"2024-11-15T11:00:19","modified_gmt":"2024-11-15T03:00:19","slug":"devour-elementor-template-suite-for-game-developers","status":"publish","type":"product","link":"https:\/\/www.openbyt.com\/es\/producto\/devorar-elementor-suite-de-plantillas-para-desarrolladores-de-juegos","title":{"rendered":"Devour - Elementor Template Suite para desarrolladores de juegos"},"content":{"rendered":"<p>Devour es una suite de plantillas Elementor para sitios web WordPress dise\u00f1ada para desarrolladores de juegos. La suite ofrece un dise\u00f1o moderno y profesional para ayudar a los usuarios a crear r\u00e1pidamente sitios web de alta calidad para desarrolladores de juegos.<\/p>\n<h2><b>Caracter\u00edsticas principales:<\/b><\/h2>\n<ul>\n<li><b><strong>M\u00faltiples dise\u00f1os de p\u00e1gina:<\/strong><\/b> Incluye las p\u00e1ginas Inicio, Qui\u00e9nes somos, Servicios, Contacto, Equipo, Cartera, Trabajos individuales, Preguntas frecuentes, Blog y 404 para satisfacer diferentes necesidades de visualizaci\u00f3n de contenidos.<\/li>\n<li><b><strong>Dise\u00f1o receptivo:<\/strong><\/b> Garantiza que el sitio se visualice bien en ordenadores de sobremesa, tabletas y dispositivos m\u00f3viles.<\/li>\n<li><b><strong>F\u00e1cil de personalizar:<\/strong><\/b> El editor de arrastrar y soltar de Elementor facilita a los usuarios la modificaci\u00f3n del contenido y el dise\u00f1o sin necesidad de programar.<\/li>\n<li><b><strong>Apto para SEO:<\/strong><\/b> Emplee las mejores pr\u00e1cticas para mejorar la clasificaci\u00f3n en los motores de b\u00fasqueda.<\/li>\n<\/ul>\n<h2><b>Preparaci\u00f3n previa al uso:<\/b><\/h2>\n<p>Antes de utilizar el conjunto de plantillas Devour, aseg\u00farese de que el plugin Elementor est\u00e1 instalado y activado. Tambi\u00e9n se recomienda descargar e instalar las siguientes fuentes para garantizar un dise\u00f1o coherente:<\/p>\n<ul>\n<li><b><strong>Montserrat: https:<\/strong><\/b> <a href=\"https:\/\/www.361sale.com\/?golink=aHR0cHM6Ly93d3cuZm9udHNxdWlycmVsLmNvbS9mb250cy9tb250c2VycmF0\" target=\"_blank\" rel=\"noopener\">\/\/www.fontsquirrel.com\/fonts\/montserrat<\/a><\/li>\n<li><b><strong>Lato: https:<\/strong><\/b> <a href=\"https:\/\/www.361sale.com\/?golink=aHR0cHM6Ly93d3cuZm9udHNxdWlycmVsLmNvbS9mb250cy9sYXRv\" target=\"_blank\" rel=\"noopener\">\/\/www.fontsquirrel.com\/fonts\/lato<\/a><\/li>\n<\/ul>\n<p><b><strong>Accesibilidad:<\/strong><\/b><\/p>\n<p>Si desea m\u00e1s informaci\u00f3n o ayuda, p\u00f3ngase en contacto con nosotros.<\/p>","protected":false},"excerpt":{"rendered":"<p>Devour is an Elementor template suite for WordPress websites designed for game developers. The suite offers a modern and professional design to help users quickly&hellip;<\/p>","protected":false},"featured_media":5702,"comment_status":"open","ping_status":"closed","template":"","meta":[],"product_cat":[466],"product_tag":[],"class_list":{"0":"post-5701","1":"product","2":"type-product","3":"status-publish","4":"has-post-thumbnail","6":"product_cat-template","8":"first","9":"instock","10":"shipping-taxable","11":"purchasable","12":"product-type-simple"},"_links":{"self":[{"href":"https:\/\/www.openbyt.com\/es\/wp-json\/wp\/v2\/product\/5701","targetHints":{"allow":["GET"]}}],"collection":[{"href":"https:\/\/www.openbyt.com\/es\/wp-json\/wp\/v2\/product"}],"about":[{"href":"https:\/\/www.openbyt.com\/es\/wp-json\/wp\/v2\/types\/product"}],"replies":[{"embeddable":true,"href":"https:\/\/www.openbyt.com\/es\/wp-json\/wp\/v2\/comments?post=5701"}],"version-history":[{"count":1,"href":"https:\/\/www.openbyt.com\/es\/wp-json\/wp\/v2\/product\/5701\/revisions"}],"predecessor-version":[{"id":5705,"href":"https:\/\/www.openbyt.com\/es\/wp-json\/wp\/v2\/product\/5701\/revisions\/5705"}],"wp:featuredmedia":[{"embeddable":true,"href":"https:\/\/www.openbyt.com\/es\/wp-json\/wp\/v2\/media\/5702"}],"wp:attachment":[{"href":"https:\/\/www.openbyt.com\/es\/wp-json\/wp\/v2\/media?parent=5701"}],"wp:term":[{"taxonomy":"product_cat","embeddable":true,"href":"https:\/\/www.openbyt.com\/es\/wp-json\/wp\/v2\/product_cat?post=5701"},{"taxonomy":"product_tag","embeddable":true,"href":"https:\/\/www.openbyt.com\/es\/wp-json\/wp\/v2\/product_tag?post=5701"}],"curies":[{"name":"wp","href":"https:\/\/api.w.org\/{rel}","templated":true}]}}