{"id":5706,"date":"2024-11-15T11:03:30","date_gmt":"2024-11-15T03:03:30","guid":{"rendered":"https:\/\/www.openbyt.com\/?post_type=product&#038;p=5706"},"modified":"2025-06-07T07:52:20","modified_gmt":"2025-06-06T23:52:20","slug":"junio-elementor-template-suite-for-gaming-events-and-game-hosts","status":"publish","type":"product","link":"https:\/\/www.openbyt.com\/es\/producto\/junio-elementor-template-suite-for-gaming-events-and-game-hosts","title":{"rendered":"Junio - Suite de plantillas Elementor para eventos de juegos y anfitriones de juegos"},"content":{"rendered":"<p>Junio is an Elementor template suite designed for eSports events and gamemasters for WordPress websites. The suite offers a modern and professional design to help users quickly create high-quality websites related to eSports.<\/p>\n<h2><b><strong>Caracter\u00edsticas principales:<\/strong><\/b><\/h2>\n<ul>\n<li><b><strong>Multi-page layout:<\/strong><\/b> Includes a homepage, about us, tournament schedule, team profiles, blog and contact page to fulfill different content presentation needs.<\/li>\n<li><b><strong>Dise\u00f1o receptivo:<\/strong><\/b> Ensure your website looks good on desktop, tablet and mobile devices.<\/li>\n<li><b><strong>F\u00e1cil de personalizar:<\/strong><\/b> El editor de arrastrar y soltar de Elementor permite a los usuarios modificar f\u00e1cilmente el contenido y el dise\u00f1o sin necesidad de programar.<\/li>\n<li><b><strong>Apto para SEO:<\/strong><\/b> Utiliza las mejores pr\u00e1cticas para mejorar la clasificaci\u00f3n en los motores de b\u00fasqueda.<\/li>\n<li><b><strong>Im\u00e1genes de alta calidad:<\/strong><\/b> Las im\u00e1genes de la plantilla de vista previa proceden de Unsplash y Pexels para garantizar un aspecto visualmente atractivo.<\/li>\n<\/ul>\n<h2><b><strong>Preparaci\u00f3n previa al uso:<\/strong><\/b><\/h2>\n<p>Before using the Junio template suite, please make sure that the Elementor plugin is installed and activated. It is also recommended to download and install the following fonts to ensure a consistent design:<\/p>\n<ul>\n<li><b><strong>Montserrat: https:<\/strong><\/b> <a href=\"https:\/\/www.361sale.com\/?golink=aHR0cHM6Ly93d3cuZm9udHNxdWlycmVsLmNvbS9mb250cy9tb250c2VycmF0\" target=\"_blank\" rel=\"noopener\">\/\/www.fontsquirrel.com\/fonts\/montserrat<\/a><\/li>\n<li><b><strong>Lato: https:<\/strong><\/b><a href=\"https:\/\/www.361sale.com\/?golink=aHR0cHM6Ly93d3cuZm9udHNxdWlycmVsLmNvbS9mb250cy9sYXRv\" target=\"_blank\" rel=\"noopener\"> \/\/www.fontsquirrel.com\/fonts\/lato<\/a><\/li>\n<\/ul>\n<p><b><strong>Accesibilidad:<\/strong><\/b><\/p>\n<p>Si desea m\u00e1s informaci\u00f3n o ayuda, p\u00f3ngase en contacto con nosotros.<\/p>","protected":false},"excerpt":{"rendered":"<p>Junio is an Elementor template suite designed for eSports events and gamemasters for WordPress websites. The suite offers a modern and professional design to help&hellip;<\/p>","protected":false},"featured_media":5707,"comment_status":"open","ping_status":"closed","template":"","meta":[],"product_cat":[466],"product_tag":[],"class_list":{"0":"post-5706","1":"product","2":"type-product","3":"status-publish","4":"has-post-thumbnail","6":"product_cat-template","8":"first","9":"instock","10":"shipping-taxable","11":"purchasable","12":"product-type-simple"},"_links":{"self":[{"href":"https:\/\/www.openbyt.com\/es\/wp-json\/wp\/v2\/product\/5706","targetHints":{"allow":["GET"]}}],"collection":[{"href":"https:\/\/www.openbyt.com\/es\/wp-json\/wp\/v2\/product"}],"about":[{"href":"https:\/\/www.openbyt.com\/es\/wp-json\/wp\/v2\/types\/product"}],"replies":[{"embeddable":true,"href":"https:\/\/www.openbyt.com\/es\/wp-json\/wp\/v2\/comments?post=5706"}],"version-history":[{"count":1,"href":"https:\/\/www.openbyt.com\/es\/wp-json\/wp\/v2\/product\/5706\/revisions"}],"predecessor-version":[{"id":5710,"href":"https:\/\/www.openbyt.com\/es\/wp-json\/wp\/v2\/product\/5706\/revisions\/5710"}],"wp:featuredmedia":[{"embeddable":true,"href":"https:\/\/www.openbyt.com\/es\/wp-json\/wp\/v2\/media\/5707"}],"wp:attachment":[{"href":"https:\/\/www.openbyt.com\/es\/wp-json\/wp\/v2\/media?parent=5706"}],"wp:term":[{"taxonomy":"product_cat","embeddable":true,"href":"https:\/\/www.openbyt.com\/es\/wp-json\/wp\/v2\/product_cat?post=5706"},{"taxonomy":"product_tag","embeddable":true,"href":"https:\/\/www.openbyt.com\/es\/wp-json\/wp\/v2\/product_tag?post=5706"}],"curies":[{"name":"wp","href":"https:\/\/api.w.org\/{rel}","templated":true}]}}