{"id":5711,"date":"2024-11-15T11:06:24","date_gmt":"2024-11-15T03:06:24","guid":{"rendered":"https:\/\/www.openbyt.com\/?post_type=product&#038;p=5711"},"modified":"2024-11-15T11:06:26","modified_gmt":"2024-11-15T03:06:26","slug":"gymness-sports-fitness-elementor-template-suite","status":"publish","type":"product","link":"https:\/\/www.openbyt.com\/es\/producto\/gymness-sports-fitness-elementor-template-suite","title":{"rendered":"Gymness - Deportes y Fitness Elementor Template Suite"},"content":{"rendered":"<p>Gymness es una suite de plantillas Elementor dise\u00f1ada para la industria del deporte y el fitness, para sitios web relacionados con gimnasios, estudios de yoga, entrenadores de fitness y mucho m\u00e1s. La suite ofrece un dise\u00f1o moderno y profesional con m\u00faltiples p\u00e1ginas y bloques predise\u00f1ados para una r\u00e1pida creaci\u00f3n y personalizaci\u00f3n del sitio web.<\/p>\n<h2><b>Caracter\u00edsticas principales:<\/b><\/h2>\n<ul>\n<li><b><strong>Disposici\u00f3n de varias p\u00e1ginas:<\/strong><\/b> Incluye la p\u00e1gina de inicio, qui\u00e9nes somos, servicios, clases, equipo de entrenadores, blog y p\u00e1gina de contacto para satisfacer diferentes necesidades de visualizaci\u00f3n de contenidos.<\/li>\n<li><b><strong>Dise\u00f1o receptivo:<\/strong><\/b> Garantiza que el sitio se visualice bien en ordenadores de sobremesa, tabletas y dispositivos m\u00f3viles.<\/li>\n<li><b><strong>F\u00e1cil de personalizar:<\/strong><\/b> El editor de arrastrar y soltar de Elementor permite a los usuarios modificar f\u00e1cilmente el contenido y el dise\u00f1o sin necesidad de programar.<\/li>\n<li><b><strong>Apto para SEO:<\/strong><\/b> Utiliza las mejores pr\u00e1cticas para mejorar la clasificaci\u00f3n en los motores de b\u00fasqueda.<\/li>\n<li><b><strong>Im\u00e1genes de alta calidad:<\/strong><\/b> Las im\u00e1genes de la plantilla de vista previa proceden de Unsplash y Pexels para garantizar un aspecto visualmente atractivo.<\/li>\n<\/ul>\n<h2><b><strong>Preparaci\u00f3n previa al uso:<\/strong><\/b><\/h2>\n<p>Antes de utilizar el conjunto de plantillas Gymness, aseg\u00farese de que el plugin Elementor est\u00e1 instalado y activado. Tambi\u00e9n se recomienda descargar e instalar las siguientes fuentes para garantizar un dise\u00f1o coherente:<\/p>\n<ul>\n<li><b><strong>Montserrat: https:<\/strong><\/b> <a href=\"https:\/\/www.361sale.com\/?golink=aHR0cHM6Ly93d3cuZm9udHNxdWlycmVsLmNvbS9mb250cy9tb250c2VycmF0\" target=\"_blank\" rel=\"noopener\">\/\/www.fontsquirrel.com\/fonts\/montserrat<\/a><\/li>\n<li><b><strong>Lato: https:<\/strong><\/b> <a href=\"https:\/\/www.361sale.com\/?golink=aHR0cHM6Ly93d3cuZm9udHNxdWlycmVsLmNvbS9mb250cy9sYXRv\" target=\"_blank\" rel=\"noopener\">\/\/www.fontsquirrel.com\/fonts\/lato<\/a><\/li>\n<\/ul>\n<p><b><strong>Accesibilidad:<\/strong><\/b><\/p>\n<p>El conjunto de plantillas Gymness est\u00e1 disponible en diversas plataformas como OnlyWordPress, DesignTemplatePlace y XYZTheme, por lo que le rogamos que seleccione el canal adecuado para descargar e instalar seg\u00fan sus necesidades.<\/p>\n<p>Si desea m\u00e1s informaci\u00f3n o ayuda, p\u00f3ngase en contacto con nosotros.<\/p>","protected":false},"excerpt":{"rendered":"<p>Gymness is an Elementor template suite designed for the sports and fitness industry, for websites related to gyms, yoga studios, fitness trainers and more. The&hellip;<\/p>","protected":false},"featured_media":5712,"comment_status":"open","ping_status":"closed","template":"","meta":[],"product_cat":[466],"product_tag":[],"class_list":{"0":"post-5711","1":"product","2":"type-product","3":"status-publish","4":"has-post-thumbnail","6":"product_cat-template","8":"first","9":"instock","10":"shipping-taxable","11":"purchasable","12":"product-type-simple"},"_links":{"self":[{"href":"https:\/\/www.openbyt.com\/es\/wp-json\/wp\/v2\/product\/5711","targetHints":{"allow":["GET"]}}],"collection":[{"href":"https:\/\/www.openbyt.com\/es\/wp-json\/wp\/v2\/product"}],"about":[{"href":"https:\/\/www.openbyt.com\/es\/wp-json\/wp\/v2\/types\/product"}],"replies":[{"embeddable":true,"href":"https:\/\/www.openbyt.com\/es\/wp-json\/wp\/v2\/comments?post=5711"}],"version-history":[{"count":1,"href":"https:\/\/www.openbyt.com\/es\/wp-json\/wp\/v2\/product\/5711\/revisions"}],"predecessor-version":[{"id":5715,"href":"https:\/\/www.openbyt.com\/es\/wp-json\/wp\/v2\/product\/5711\/revisions\/5715"}],"wp:featuredmedia":[{"embeddable":true,"href":"https:\/\/www.openbyt.com\/es\/wp-json\/wp\/v2\/media\/5712"}],"wp:attachment":[{"href":"https:\/\/www.openbyt.com\/es\/wp-json\/wp\/v2\/media?parent=5711"}],"wp:term":[{"taxonomy":"product_cat","embeddable":true,"href":"https:\/\/www.openbyt.com\/es\/wp-json\/wp\/v2\/product_cat?post=5711"},{"taxonomy":"product_tag","embeddable":true,"href":"https:\/\/www.openbyt.com\/es\/wp-json\/wp\/v2\/product_tag?post=5711"}],"curies":[{"name":"wp","href":"https:\/\/api.w.org\/{rel}","templated":true}]}}