{"id":5716,"date":"2024-11-15T11:08:51","date_gmt":"2024-11-15T03:08:51","guid":{"rendered":"https:\/\/www.openbyt.com\/?post_type=product&#038;p=5716"},"modified":"2024-11-15T11:09:06","modified_gmt":"2024-11-15T03:09:06","slug":"5716","status":"publish","type":"product","link":"https:\/\/www.openbyt.com\/es\/producto\/5716","title":{"rendered":"Tarkamo - F\u00fatbol y eventos deportivos Elementor Template Suite"},"content":{"rendered":"<p><b><strong>Tarkamo - Elementor de f\u00fatbol y eventos deportivos<\/strong><\/b> <b><strong>Suite de plantillas<\/strong><\/b> es un conjunto de plantillas Elementor especialmente dise\u00f1adas para f\u00fatbol y eventos deportivos, adecuadas para mostrar encuentros, resultados, perfiles de equipos, etc., facilitando la organizaci\u00f3n y promoci\u00f3n de eventos deportivos.<\/p>\n<h2><b>Caracter\u00edsticas principales:<\/b><\/h2>\n<ul>\n<li><b><strong>Dise\u00f1o receptivo<\/strong><\/b>: garantiza una buena visualizaci\u00f3n en dispositivos como ordenadores de sobremesa, tabletas y tel\u00e9fonos inteligentes.<\/li>\n<li><b><strong>Compatibilidad<\/strong><\/b>: Totalmente compatible con el constructor de p\u00e1ginas Elementor, f\u00e1cil de personalizar sin conocimientos de programaci\u00f3n.<\/li>\n<li><b><strong>Plantillas predise\u00f1adas<\/strong><\/b>: Incluye una gran variedad de plantillas de p\u00e1gina para la p\u00e1gina de inicio, los encuentros, los detalles de los partidos, los equipos, los detalles de los equipos, los detalles de los jugadores, la p\u00e1gina de reservas, la p\u00e1gina de precios, la p\u00e1gina del blog, la p\u00e1gina de un solo art\u00edculo, el calendario de encuentros y las alineaciones de los partidos.<\/li>\n<li><b><strong>Complementos<\/strong><\/b>: incluye dise\u00f1o de cabecera y pie de p\u00e1gina, formulario de reserva MetForm, estilo global utilizando plugins como Elementor, Elementor Header &amp; Footer Builder, MetForm, ElementsKit Lite y Gum Elementor Addon.<\/li>\n<\/ul>\n<h2><b>Escenarios de uso:<\/b><\/h2>\n<p>Tarkamo es perfecto para crear sitios web para clubes de f\u00fatbol, eventos deportivos y actividades relacionadas. Con una interfaz f\u00e1cil de usar y plantillas f\u00e1cilmente personalizables, es adecuado tanto para principiantes como para desarrolladores experimentados.<\/p>","protected":false},"excerpt":{"rendered":"<p>Tarkamo &#8211; Football and Sporting Events Elementor Template Suite is an Elementor template suite specially designed for soccer and sporting events, suitable for displaying fixtures,&hellip;<\/p>","protected":false},"featured_media":5717,"comment_status":"open","ping_status":"closed","template":"","meta":[],"product_cat":[466],"product_tag":[],"class_list":{"0":"post-5716","1":"product","2":"type-product","3":"status-publish","4":"has-post-thumbnail","6":"product_cat-template","8":"first","9":"instock","10":"shipping-taxable","11":"product-type-simple"},"_links":{"self":[{"href":"https:\/\/www.openbyt.com\/es\/wp-json\/wp\/v2\/product\/5716","targetHints":{"allow":["GET"]}}],"collection":[{"href":"https:\/\/www.openbyt.com\/es\/wp-json\/wp\/v2\/product"}],"about":[{"href":"https:\/\/www.openbyt.com\/es\/wp-json\/wp\/v2\/types\/product"}],"replies":[{"embeddable":true,"href":"https:\/\/www.openbyt.com\/es\/wp-json\/wp\/v2\/comments?post=5716"}],"version-history":[{"count":2,"href":"https:\/\/www.openbyt.com\/es\/wp-json\/wp\/v2\/product\/5716\/revisions"}],"predecessor-version":[{"id":5721,"href":"https:\/\/www.openbyt.com\/es\/wp-json\/wp\/v2\/product\/5716\/revisions\/5721"}],"wp:featuredmedia":[{"embeddable":true,"href":"https:\/\/www.openbyt.com\/es\/wp-json\/wp\/v2\/media\/5717"}],"wp:attachment":[{"href":"https:\/\/www.openbyt.com\/es\/wp-json\/wp\/v2\/media?parent=5716"}],"wp:term":[{"taxonomy":"product_cat","embeddable":true,"href":"https:\/\/www.openbyt.com\/es\/wp-json\/wp\/v2\/product_cat?post=5716"},{"taxonomy":"product_tag","embeddable":true,"href":"https:\/\/www.openbyt.com\/es\/wp-json\/wp\/v2\/product_tag?post=5716"}],"curies":[{"name":"wp","href":"https:\/\/api.w.org\/{rel}","templated":true}]}}