{"id":5675,"date":"2024-11-15T10:37:16","date_gmt":"2024-11-15T02:37:16","guid":{"rendered":"https:\/\/www.openbyt.com\/?post_type=product&#038;p=5675"},"modified":"2024-11-15T10:41:07","modified_gmt":"2024-11-15T02:41:07","slug":"zenith-technology-and-it-company-elementor-template-suite","status":"publish","type":"product","link":"https:\/\/www.openbyt.com\/fr\/produit\/zenith-technology-and-it-company-elementor-template-suite","title":{"rendered":"Zenith - Suite de templates Elementor pour les entreprises de technologie et d'informatique"},"content":{"rendered":"<p><b><strong>Zenith - Elementor Template Suite for Technology and IT Companies Elementor Template<\/strong><\/b> Suite est une suite de templates Elementor pour les sites web WordPress con\u00e7us pour les entreprises technologiques et informatiques. La suite offre un design moderne et professionnel pour aider les utilisateurs \u00e0 cr\u00e9er rapidement des sites web d'entreprise de haute qualit\u00e9.<\/p>\n<h3><b>Caract\u00e9ristiques principales :<\/b><\/h3>\n<ul>\n<li><b><strong>Mise en page multiple<\/strong><\/b>: comprend des pages pour la page d'accueil, \u00e0 propos de nous, les services, les projets, l'\u00e9quipe, le blog et contactez-nous pour r\u00e9pondre aux diff\u00e9rents besoins de pr\u00e9sentation du contenu.<\/li>\n<li><b><strong>Conception adapt\u00e9e<\/strong><\/b>: Veillez \u00e0 ce que le site web s'affiche correctement sur les ordinateurs de bureau, les tablettes et les appareils mobiles.<\/li>\n<li><b><strong>Facile \u00e0 personnaliser<\/strong><\/b>L'\u00e9diteur d'Elementor : avec l'\u00e9diteur par glisser-d\u00e9poser d'Elementor, les utilisateurs peuvent facilement modifier le contenu et la pr\u00e9sentation sans programmation.<\/li>\n<li><b><strong>Favorable \u00e0 l'optimisation des moteurs de recherche<\/strong><\/b>: Utilisez les meilleures pratiques pour am\u00e9liorer le classement dans les moteurs de recherche.<\/li>\n<\/ul>\n<h3><b>Pr\u00e9paration avant utilisation :<\/b><\/h3>\n<p>Avant d'utiliser la suite de mod\u00e8les Zenith, assurez-vous d'avoir install\u00e9 et activ\u00e9 le plugin Elementor. Il est \u00e9galement recommand\u00e9 de t\u00e9l\u00e9charger et d'installer les polices de caract\u00e8res suivantes afin de garantir un design coh\u00e9rent :<\/p>\n<ul>\n<li><b><strong>Montserrat Fonts :<\/strong><\/b> https : <a href=\"https:\/\/www.361sale.com\/?golink=aHR0cHM6Ly93d3cuZm9udHNxdWlycmVsLmNvbS9mb250cy9tb250c2VycmF0\" target=\"_blank\" rel=\"noopener\">\/\/www.fontsquirrel.com\/fonts\/montserrat<\/a><\/li>\n<li><b><strong>Lato Fonts :<\/strong><\/b> https : <a href=\"https:\/\/www.361sale.com\/?golink=aHR0cHM6Ly93d3cuZm9udHNxdWlycmVsLmNvbS9mb250cy9sYXRv\" target=\"_blank\" rel=\"noopener\">\/\/www.fontsquirrel.com\/fonts\/lato<\/a><\/li>\n<\/ul>\n<h3><b>L'accessibilit\u00e9 :<\/b><\/h3>\n<p>La suite de mod\u00e8les Zenith est disponible sur plusieurs plateformes, telles que ThemeForest et Envato Elements, veuillez donc choisir le canal appropri\u00e9 pour t\u00e9l\u00e9charger et installer en fonction de vos besoins.<\/p>\n<p>Pour plus d'informations ou de soutien, veuillez nous contacter.<\/p>","protected":false},"excerpt":{"rendered":"<p>Zenith &#8211; Elementor Template Suite for Technology and IT Companies Elementor Template Suite is an Elementor template suite for WordPress websites designed for technology and&hellip;<\/p>","protected":false},"featured_media":5682,"comment_status":"open","ping_status":"closed","template":"","meta":[],"product_cat":[466],"product_tag":[],"class_list":{"0":"post-5675","1":"product","2":"type-product","3":"status-publish","4":"has-post-thumbnail","6":"product_cat-template","8":"first","9":"instock","10":"shipping-taxable","11":"purchasable","12":"product-type-simple"},"_links":{"self":[{"href":"https:\/\/www.openbyt.com\/fr\/wp-json\/wp\/v2\/product\/5675","targetHints":{"allow":["GET"]}}],"collection":[{"href":"https:\/\/www.openbyt.com\/fr\/wp-json\/wp\/v2\/product"}],"about":[{"href":"https:\/\/www.openbyt.com\/fr\/wp-json\/wp\/v2\/types\/product"}],"replies":[{"embeddable":true,"href":"https:\/\/www.openbyt.com\/fr\/wp-json\/wp\/v2\/comments?post=5675"}],"version-history":[{"count":1,"href":"https:\/\/www.openbyt.com\/fr\/wp-json\/wp\/v2\/product\/5675\/revisions"}],"predecessor-version":[{"id":5680,"href":"https:\/\/www.openbyt.com\/fr\/wp-json\/wp\/v2\/product\/5675\/revisions\/5680"}],"wp:featuredmedia":[{"embeddable":true,"href":"https:\/\/www.openbyt.com\/fr\/wp-json\/wp\/v2\/media\/5682"}],"wp:attachment":[{"href":"https:\/\/www.openbyt.com\/fr\/wp-json\/wp\/v2\/media?parent=5675"}],"wp:term":[{"taxonomy":"product_cat","embeddable":true,"href":"https:\/\/www.openbyt.com\/fr\/wp-json\/wp\/v2\/product_cat?post=5675"},{"taxonomy":"product_tag","embeddable":true,"href":"https:\/\/www.openbyt.com\/fr\/wp-json\/wp\/v2\/product_tag?post=5675"}],"curies":[{"name":"wp","href":"https:\/\/api.w.org\/{rel}","templated":true}]}}