{"id":5684,"date":"2024-11-15T10:49:16","date_gmt":"2024-11-15T02:49:16","guid":{"rendered":"https:\/\/www.openbyt.com\/?post_type=product&#038;p=5684"},"modified":"2024-11-15T10:49:17","modified_gmt":"2024-11-15T02:49:17","slug":"playgame-gaming-elementor-template-suite","status":"publish","type":"product","link":"https:\/\/www.openbyt.com\/fr\/produit\/playgame-gaming-elementor-template-suite","title":{"rendered":"Playgame - Gaming Elementor Template Suite"},"content":{"rendered":"<p>Playgame est une suite de templates Elementor con\u00e7ue pour les sites web d'eSports et de jeux pour la plateforme WordPress. La suite offre un design moderne et professionnel pour aider les utilisateurs \u00e0 cr\u00e9er rapidement des sites web d'eSports et de jeux de haute qualit\u00e9.<\/p>\n<h2><b><strong>Caract\u00e9ristiques principales :<\/strong><\/b><\/h2>\n<ul>\n<li><b><strong>Mises en page multiples :<\/strong><\/b> Comprend la page d'accueil, qui sommes-nous, sponsors, d\u00e9tails sur les joueurs, nous contacter, \u00e9quipe, FAQ, tournois, blogs et articles individuels pour r\u00e9pondre aux diff\u00e9rents besoins de pr\u00e9sentation du contenu.<\/li>\n<li><b><strong>Conception adapt\u00e9e :<\/strong><\/b> Veille \u00e0 ce que le site s'affiche correctement sur les ordinateurs de bureau, les tablettes et les appareils mobiles.<\/li>\n<li><b><strong>Facile \u00e0 personnaliser :<\/strong><\/b> L'\u00e9diteur par glisser-d\u00e9poser d'Elementor permet aux utilisateurs de modifier facilement le contenu et la mise en page sans programmation.<\/li>\n<li><b><strong>Favorable \u00e0 l'optimisation des ressources (SEO) :<\/strong><\/b> Utilisez les meilleures pratiques pour am\u00e9liorer le classement dans les moteurs de recherche.<\/li>\n<\/ul>\n<h2><b><strong>Pr\u00e9parez l'utilisation :<\/strong><\/b><\/h2>\n<p>Avant d'utiliser la suite de mod\u00e8les Playgame, veuillez vous assurer que le plugin Elementor est install\u00e9 et activ\u00e9. Il est \u00e9galement recommand\u00e9 de t\u00e9l\u00e9charger et d'installer les polices de caract\u00e8res suivantes afin d'assurer une conception coh\u00e9rente :<\/p>\n<ul>\n<li><b><strong>Montserrat : https :<\/strong><\/b> <a href=\"https:\/\/www.361sale.com\/?golink=aHR0cHM6Ly93d3cuZm9udHNxdWlycmVsLmNvbS9mb250cy9tb250c2VycmF0\" target=\"_blank\" rel=\"noopener\">\/\/www.fontsquirrel.com\/fonts\/montserrat<\/a><\/li>\n<li><b><strong>Lato : https :<\/strong><\/b> <a href=\"https:\/\/www.361sale.com\/?golink=aHR0cHM6Ly93d3cuZm9udHNxdWlycmVsLmNvbS9mb250cy9sYXRv\" target=\"_blank\" rel=\"noopener\">\/\/www.fontsquirrel.com\/fonts\/lato<\/a><\/li>\n<\/ul>\n<p><b><strong>L'accessibilit\u00e9 :<\/strong><\/b><\/p>\n<p>Pour plus d'informations ou d'assistance, veuillez nous contacter \u00e0 l'adresse suivante<\/p>","protected":false},"excerpt":{"rendered":"<p>Playgame is an Elementor template suite designed for eSports and gaming related websites for the WordPress platform. The suite offers a modern and professional design&hellip;<\/p>","protected":false},"featured_media":5685,"comment_status":"open","ping_status":"closed","template":"","meta":[],"product_cat":[466],"product_tag":[],"class_list":{"0":"post-5684","1":"product","2":"type-product","3":"status-publish","4":"has-post-thumbnail","6":"product_cat-template","8":"first","9":"instock","10":"shipping-taxable","11":"purchasable","12":"product-type-simple"},"_links":{"self":[{"href":"https:\/\/www.openbyt.com\/fr\/wp-json\/wp\/v2\/product\/5684","targetHints":{"allow":["GET"]}}],"collection":[{"href":"https:\/\/www.openbyt.com\/fr\/wp-json\/wp\/v2\/product"}],"about":[{"href":"https:\/\/www.openbyt.com\/fr\/wp-json\/wp\/v2\/types\/product"}],"replies":[{"embeddable":true,"href":"https:\/\/www.openbyt.com\/fr\/wp-json\/wp\/v2\/comments?post=5684"}],"version-history":[{"count":1,"href":"https:\/\/www.openbyt.com\/fr\/wp-json\/wp\/v2\/product\/5684\/revisions"}],"predecessor-version":[{"id":5688,"href":"https:\/\/www.openbyt.com\/fr\/wp-json\/wp\/v2\/product\/5684\/revisions\/5688"}],"wp:featuredmedia":[{"embeddable":true,"href":"https:\/\/www.openbyt.com\/fr\/wp-json\/wp\/v2\/media\/5685"}],"wp:attachment":[{"href":"https:\/\/www.openbyt.com\/fr\/wp-json\/wp\/v2\/media?parent=5684"}],"wp:term":[{"taxonomy":"product_cat","embeddable":true,"href":"https:\/\/www.openbyt.com\/fr\/wp-json\/wp\/v2\/product_cat?post=5684"},{"taxonomy":"product_tag","embeddable":true,"href":"https:\/\/www.openbyt.com\/fr\/wp-json\/wp\/v2\/product_tag?post=5684"}],"curies":[{"name":"wp","href":"https:\/\/api.w.org\/{rel}","templated":true}]}}