{"id":5689,"date":"2024-11-15T10:53:43","date_gmt":"2024-11-15T02:53:43","guid":{"rendered":"https:\/\/www.openbyt.com\/?post_type=product&#038;p=5689"},"modified":"2025-04-13T19:04:41","modified_gmt":"2025-04-13T11:04:41","slug":"deefun-festival-event-organizer-elementor-template-suite","status":"publish","type":"product","link":"https:\/\/www.openbyt.com\/fr\/produit\/deefun-festival-event-organizer-elementor-template-suite","title":{"rendered":"DeeFun - Festival &amp; Event Organizer Elementor Template Suite"},"content":{"rendered":"<p>DeeFun est une suite de templates Elementor pour les sites web WordPress con\u00e7us pour les organisateurs de festivals et d'\u00e9v\u00e9nements. La suite offre un design moderne et professionnel pour aider les utilisateurs \u00e0 cr\u00e9er rapidement des sites web de haute qualit\u00e9 pour les organisateurs d'\u00e9v\u00e9nements.<\/p>\n<h2><b>Caract\u00e9ristiques principales<\/b><\/h2>\n<ul>\n<li><b><strong>Mises en page multiples :<\/strong><\/b> Comprend les rubriques Accueil, \u00c0 propos de nous, Services, Listes d'\u00e9v\u00e9nements, FAQ, Actualit\u00e9s, Galerie et Contactez-nous pour r\u00e9pondre \u00e0 diff\u00e9rents besoins d'affichage de contenu.<\/li>\n<li><b><strong>Conception adapt\u00e9e :<\/strong><\/b> Veillez \u00e0 ce que votre site web s'affiche correctement sur les ordinateurs de bureau, les tablettes et les appareils mobiles.<\/li>\n<li><b><strong>Facile \u00e0 personnaliser :<\/strong><\/b> L'\u00e9diteur par glisser-d\u00e9poser d'Elementor permet aux utilisateurs de modifier facilement le contenu et la mise en page sans programmation.<\/li>\n<li><b><strong>Favorable \u00e0 l'optimisation des ressources (SEO) :<\/strong><\/b> Utilisez les meilleures pratiques pour am\u00e9liorer le classement dans les moteurs de recherche.<\/li>\n<\/ul>\n<h2><b><strong>Pr\u00e9paration avant utilisation :<\/strong><\/b><\/h2>\n<p>Avant d'utiliser la suite de mod\u00e8les DeeFun, assurez-vous d'avoir install\u00e9 et activ\u00e9 le plugin Elementor. Il est \u00e9galement recommand\u00e9 de t\u00e9l\u00e9charger et d'installer les polices de caract\u00e8res suivantes afin de garantir un design coh\u00e9rent :<\/p>\n<ul>\n<li><b><strong>Montserrat Fonts : https :<\/strong><\/b> <a href=\"https:\/\/www.361sale.com\/?golink=aHR0cHM6Ly93d3cuZm9udHNxdWlycmVsLmNvbS9mb250cy9tb250c2VycmF0\" target=\"_blank\" rel=\"noopener\">\/\/www.fontsquirrel.com\/fonts\/montserrat<\/a><\/li>\n<li><b><strong>Polices de caract\u00e8res Lato : https :<\/strong><\/b> <a href=\"https:\/\/www.361sale.com\/?golink=aHR0cHM6Ly93d3cuZm9udHNxdWlycmVsLmNvbS9mb250cy9sYXRv\" target=\"_blank\" rel=\"noopener\">\/\/www.fontsquirrel.com\/fonts\/lato<\/a><\/li>\n<\/ul>\n<p><b><strong>L'accessibilit\u00e9 :<\/strong><\/b><\/p>\n<p>Pour plus d'informations ou de soutien, veuillez nous contacter.<\/p>","protected":false},"excerpt":{"rendered":"<p>DeeFun is an Elementor template suite for WordPress websites designed for festival and event organizers. The suite offers a modern and professional design to help&hellip;<\/p>","protected":false},"featured_media":5690,"comment_status":"open","ping_status":"closed","template":"","meta":[],"product_cat":[466],"product_tag":[],"class_list":{"0":"post-5689","1":"product","2":"type-product","3":"status-publish","4":"has-post-thumbnail","6":"product_cat-template","8":"first","9":"instock","10":"shipping-taxable","11":"purchasable","12":"product-type-simple"},"_links":{"self":[{"href":"https:\/\/www.openbyt.com\/fr\/wp-json\/wp\/v2\/product\/5689","targetHints":{"allow":["GET"]}}],"collection":[{"href":"https:\/\/www.openbyt.com\/fr\/wp-json\/wp\/v2\/product"}],"about":[{"href":"https:\/\/www.openbyt.com\/fr\/wp-json\/wp\/v2\/types\/product"}],"replies":[{"embeddable":true,"href":"https:\/\/www.openbyt.com\/fr\/wp-json\/wp\/v2\/comments?post=5689"}],"version-history":[{"count":1,"href":"https:\/\/www.openbyt.com\/fr\/wp-json\/wp\/v2\/product\/5689\/revisions"}],"predecessor-version":[{"id":5695,"href":"https:\/\/www.openbyt.com\/fr\/wp-json\/wp\/v2\/product\/5689\/revisions\/5695"}],"wp:featuredmedia":[{"embeddable":true,"href":"https:\/\/www.openbyt.com\/fr\/wp-json\/wp\/v2\/media\/5690"}],"wp:attachment":[{"href":"https:\/\/www.openbyt.com\/fr\/wp-json\/wp\/v2\/media?parent=5689"}],"wp:term":[{"taxonomy":"product_cat","embeddable":true,"href":"https:\/\/www.openbyt.com\/fr\/wp-json\/wp\/v2\/product_cat?post=5689"},{"taxonomy":"product_tag","embeddable":true,"href":"https:\/\/www.openbyt.com\/fr\/wp-json\/wp\/v2\/product_tag?post=5689"}],"curies":[{"name":"wp","href":"https:\/\/api.w.org\/{rel}","templated":true}]}}