{"id":5696,"date":"2024-11-15T10:57:14","date_gmt":"2024-11-15T02:57:14","guid":{"rendered":"https:\/\/www.openbyt.com\/?post_type=product&#038;p=5696"},"modified":"2024-11-15T10:57:15","modified_gmt":"2024-11-15T02:57:15","slug":"noxious-gaming-gaming-elementor-template-kit","status":"publish","type":"product","link":"https:\/\/www.openbyt.com\/fr\/produit\/noxious-gaming-gaming-elementor-template-kit","title":{"rendered":"Noxious - Gaming &amp; Gaming Elementor Template Kit"},"content":{"rendered":"<h3>Noxious est une suite de templates Elementor con\u00e7ue pour les sites web d'eSports et de jeux vid\u00e9o sur la plateforme WordPress. D\u00e9velopp\u00e9e par Rometheme, la suite offre un design moderne et professionnel pour aider les utilisateurs \u00e0 cr\u00e9er rapidement des sites web d'eSports et de jeux de haute qualit\u00e9.<\/h3>\n<h2><b><strong>Caract\u00e9ristiques principales :<\/strong><\/b><\/h2>\n<ul>\n<li><b><strong>Mise en page multiple :<\/strong><\/b> y compris la page d'accueil, qui sommes-nous, actualit\u00e9s, \u00e9quipe, galerie, partenaires, page d'erreur 404, page en direct et nous contacter, etc. pour r\u00e9pondre \u00e0 diff\u00e9rents besoins d'affichage de contenu.<\/li>\n<li><b><strong>Conception adapt\u00e9e :<\/strong><\/b> Veille \u00e0 ce que le site s'affiche correctement sur les ordinateurs de bureau, les tablettes et les appareils mobiles.<\/li>\n<li><b><strong>Facile \u00e0 personnaliser :<\/strong><\/b> L'\u00e9diteur par glisser-d\u00e9poser d'Elementor permet aux utilisateurs de modifier facilement le contenu et la mise en page sans programmation.<\/li>\n<li><b><strong>Favorable \u00e0 l'optimisation des ressources (SEO) :<\/strong><\/b> Utilisez les meilleures pratiques pour am\u00e9liorer le classement dans les moteurs de recherche.<\/li>\n<\/ul>\n<h2><b><strong>Pr\u00e9parez l'utilisation :<\/strong><\/b><\/h2>\n<p>Avant d'utiliser la suite de mod\u00e8les Noxious, assurez-vous que le plugin Elementor est install\u00e9 et activ\u00e9. Il est \u00e9galement recommand\u00e9 de t\u00e9l\u00e9charger et d'installer les polices de caract\u00e8res suivantes afin de garantir un design coh\u00e9rent :<\/p>\n<ul>\n<li><b><strong>Montserrat : https :<\/strong><\/b> <a href=\"https:\/\/www.361sale.com\/?golink=aHR0cHM6Ly93d3cuZm9udHNxdWlycmVsLmNvbS9mb250cy9tb250c2VycmF0\" target=\"_blank\" rel=\"noopener\">\/\/www.fontsquirrel.com\/fonts\/montserrat<\/a><\/li>\n<li><b><strong>Lato : https :<\/strong><\/b> <a href=\"https:\/\/www.361sale.com\/?golink=aHR0cHM6Ly93d3cuZm9udHNxdWlycmVsLmNvbS9mb250cy9sYXRv\" target=\"_blank\" rel=\"noopener\">\/\/www.fontsquirrel.com\/fonts\/lato<\/a><\/li>\n<\/ul>\n<p><b><strong>L'accessibilit\u00e9 :<\/strong><\/b><\/p>\n<p>Pour plus d'informations ou de soutien, veuillez nous contacter.<\/p>","protected":false},"excerpt":{"rendered":"<p>Noxious is an Elementor template suite designed for eSports and gaming related websites for the WordPress platform. Developed by Rometheme, the suite offers a modern&hellip;<\/p>","protected":false},"featured_media":5697,"comment_status":"open","ping_status":"closed","template":"","meta":[],"product_cat":[466],"product_tag":[],"class_list":{"0":"post-5696","1":"product","2":"type-product","3":"status-publish","4":"has-post-thumbnail","6":"product_cat-template","8":"first","9":"instock","10":"shipping-taxable","11":"purchasable","12":"product-type-simple"},"_links":{"self":[{"href":"https:\/\/www.openbyt.com\/fr\/wp-json\/wp\/v2\/product\/5696","targetHints":{"allow":["GET"]}}],"collection":[{"href":"https:\/\/www.openbyt.com\/fr\/wp-json\/wp\/v2\/product"}],"about":[{"href":"https:\/\/www.openbyt.com\/fr\/wp-json\/wp\/v2\/types\/product"}],"replies":[{"embeddable":true,"href":"https:\/\/www.openbyt.com\/fr\/wp-json\/wp\/v2\/comments?post=5696"}],"version-history":[{"count":1,"href":"https:\/\/www.openbyt.com\/fr\/wp-json\/wp\/v2\/product\/5696\/revisions"}],"predecessor-version":[{"id":5700,"href":"https:\/\/www.openbyt.com\/fr\/wp-json\/wp\/v2\/product\/5696\/revisions\/5700"}],"wp:featuredmedia":[{"embeddable":true,"href":"https:\/\/www.openbyt.com\/fr\/wp-json\/wp\/v2\/media\/5697"}],"wp:attachment":[{"href":"https:\/\/www.openbyt.com\/fr\/wp-json\/wp\/v2\/media?parent=5696"}],"wp:term":[{"taxonomy":"product_cat","embeddable":true,"href":"https:\/\/www.openbyt.com\/fr\/wp-json\/wp\/v2\/product_cat?post=5696"},{"taxonomy":"product_tag","embeddable":true,"href":"https:\/\/www.openbyt.com\/fr\/wp-json\/wp\/v2\/product_tag?post=5696"}],"curies":[{"name":"wp","href":"https:\/\/api.w.org\/{rel}","templated":true}]}}