{"id":5701,"date":"2024-11-15T11:00:17","date_gmt":"2024-11-15T03:00:17","guid":{"rendered":"https:\/\/www.openbyt.com\/?post_type=product&#038;p=5701"},"modified":"2024-11-15T11:00:19","modified_gmt":"2024-11-15T03:00:19","slug":"devour-elementor-template-suite-for-game-developers","status":"publish","type":"product","link":"https:\/\/www.openbyt.com\/fr\/produit\/devour-elementor-template-suite-for-game-developers","title":{"rendered":"Devour - Elementor Template Suite pour les d\u00e9veloppeurs de jeux vid\u00e9o"},"content":{"rendered":"<p>Devour est une suite de templates Elementor pour les sites web WordPress con\u00e7us pour les d\u00e9veloppeurs de jeux. La suite offre un design moderne et professionnel pour aider les utilisateurs \u00e0 cr\u00e9er rapidement des sites web de d\u00e9veloppeurs de jeux de haute qualit\u00e9.<\/p>\n<h2><b>Caract\u00e9ristiques principales :<\/b><\/h2>\n<ul>\n<li><b><strong>Mises en page multiples :<\/strong><\/b> Comprend les pages Accueil, \u00c0 propos de nous, Services, Contactez-nous, \u00c9quipe, Portfolio, Travaux individuels, FAQ, Blog et 404 pour r\u00e9pondre \u00e0 diff\u00e9rents besoins d'affichage de contenu.<\/li>\n<li><b><strong>Conception adapt\u00e9e :<\/strong><\/b> Veille \u00e0 ce que le site s'affiche correctement sur les ordinateurs de bureau, les tablettes et les appareils mobiles.<\/li>\n<li><b><strong>Facile \u00e0 personnaliser :<\/strong><\/b> L'\u00e9diteur par glisser-d\u00e9poser d'Elementor permet aux utilisateurs de modifier facilement le contenu et la mise en page sans programmation.<\/li>\n<li><b><strong>Favorable \u00e0 l'optimisation des ressources (SEO) :<\/strong><\/b> Utilisez les meilleures pratiques pour am\u00e9liorer le classement dans les moteurs de recherche.<\/li>\n<\/ul>\n<h2><b>Pr\u00e9paration avant utilisation :<\/b><\/h2>\n<p>Avant d'utiliser la suite de mod\u00e8les Devour, assurez-vous que le plugin Elementor est install\u00e9 et activ\u00e9. Il est \u00e9galement recommand\u00e9 de t\u00e9l\u00e9charger et d'installer les polices de caract\u00e8res suivantes afin de garantir un design coh\u00e9rent :<\/p>\n<ul>\n<li><b><strong>Montserrat : https :<\/strong><\/b> <a href=\"https:\/\/www.361sale.com\/?golink=aHR0cHM6Ly93d3cuZm9udHNxdWlycmVsLmNvbS9mb250cy9tb250c2VycmF0\" target=\"_blank\" rel=\"noopener\">\/\/www.fontsquirrel.com\/fonts\/montserrat<\/a><\/li>\n<li><b><strong>Lato : https :<\/strong><\/b> <a href=\"https:\/\/www.361sale.com\/?golink=aHR0cHM6Ly93d3cuZm9udHNxdWlycmVsLmNvbS9mb250cy9sYXRv\" target=\"_blank\" rel=\"noopener\">\/\/www.fontsquirrel.com\/fonts\/lato<\/a><\/li>\n<\/ul>\n<p><b><strong>L'accessibilit\u00e9 :<\/strong><\/b><\/p>\n<p>Pour plus d'informations ou de soutien, veuillez nous contacter.<\/p>","protected":false},"excerpt":{"rendered":"<p>Devour is an Elementor template suite for WordPress websites designed for game developers. The suite offers a modern and professional design to help users quickly&hellip;<\/p>","protected":false},"featured_media":5702,"comment_status":"open","ping_status":"closed","template":"","meta":[],"product_cat":[466],"product_tag":[],"class_list":{"0":"post-5701","1":"product","2":"type-product","3":"status-publish","4":"has-post-thumbnail","6":"product_cat-template","8":"first","9":"instock","10":"shipping-taxable","11":"purchasable","12":"product-type-simple"},"_links":{"self":[{"href":"https:\/\/www.openbyt.com\/fr\/wp-json\/wp\/v2\/product\/5701","targetHints":{"allow":["GET"]}}],"collection":[{"href":"https:\/\/www.openbyt.com\/fr\/wp-json\/wp\/v2\/product"}],"about":[{"href":"https:\/\/www.openbyt.com\/fr\/wp-json\/wp\/v2\/types\/product"}],"replies":[{"embeddable":true,"href":"https:\/\/www.openbyt.com\/fr\/wp-json\/wp\/v2\/comments?post=5701"}],"version-history":[{"count":1,"href":"https:\/\/www.openbyt.com\/fr\/wp-json\/wp\/v2\/product\/5701\/revisions"}],"predecessor-version":[{"id":5705,"href":"https:\/\/www.openbyt.com\/fr\/wp-json\/wp\/v2\/product\/5701\/revisions\/5705"}],"wp:featuredmedia":[{"embeddable":true,"href":"https:\/\/www.openbyt.com\/fr\/wp-json\/wp\/v2\/media\/5702"}],"wp:attachment":[{"href":"https:\/\/www.openbyt.com\/fr\/wp-json\/wp\/v2\/media?parent=5701"}],"wp:term":[{"taxonomy":"product_cat","embeddable":true,"href":"https:\/\/www.openbyt.com\/fr\/wp-json\/wp\/v2\/product_cat?post=5701"},{"taxonomy":"product_tag","embeddable":true,"href":"https:\/\/www.openbyt.com\/fr\/wp-json\/wp\/v2\/product_tag?post=5701"}],"curies":[{"name":"wp","href":"https:\/\/api.w.org\/{rel}","templated":true}]}}