{"id":5706,"date":"2024-11-15T11:03:30","date_gmt":"2024-11-15T03:03:30","guid":{"rendered":"https:\/\/www.openbyt.com\/?post_type=product&#038;p=5706"},"modified":"2025-06-07T07:52:20","modified_gmt":"2025-06-06T23:52:20","slug":"junio-elementor-template-suite-for-gaming-events-and-game-hosts","status":"publish","type":"product","link":"https:\/\/www.openbyt.com\/fr\/produit\/junio-elementor-template-suite-for-gaming-events-and-game-hosts","title":{"rendered":"Junio - Elementor Template Suite for Gaming Events and Game Hosts (en anglais)"},"content":{"rendered":"<p>Junio est une suite de templates Elementor con\u00e7ue pour les \u00e9v\u00e9nements eSports et les gamemasters pour les sites web WordPress. La suite offre un design moderne et professionnel pour aider les utilisateurs \u00e0 cr\u00e9er rapidement des sites web de haute qualit\u00e9 li\u00e9s \u00e0 l'eSports.<\/p>\n<h2><b><strong>Caract\u00e9ristiques principales :<\/strong><\/b><\/h2>\n<ul>\n<li><b><strong>Mise en page multiple :<\/strong><\/b> Comprend une page d'accueil, une page \"\u00c0 propos de nous\", un calendrier des tournois, des profils d'\u00e9quipe, un blog et une page de contact pour r\u00e9pondre \u00e0 diff\u00e9rents besoins en mati\u00e8re de pr\u00e9sentation du contenu.<\/li>\n<li><b><strong>Conception adapt\u00e9e :<\/strong><\/b> Veillez \u00e0 ce que votre site web soit attrayant sur les ordinateurs de bureau, les tablettes et les appareils mobiles.<\/li>\n<li><b><strong>Facile \u00e0 personnaliser :<\/strong><\/b> L'\u00e9diteur par glisser-d\u00e9poser d'Elementor permet aux utilisateurs de modifier facilement le contenu et la mise en page sans programmation.<\/li>\n<li><b><strong>Favorable \u00e0 l'optimisation des ressources (SEO) :<\/strong><\/b> Utiliser les meilleures pratiques pour am\u00e9liorer le classement dans les moteurs de recherche.<\/li>\n<li><b><strong>Images de haute qualit\u00e9 :<\/strong><\/b> Les images du mod\u00e8le de pr\u00e9visualisation proviennent d'Unsplash et de Pexels afin de garantir un aspect visuel attrayant.<\/li>\n<\/ul>\n<h2><b><strong>Pr\u00e9paration avant utilisation :<\/strong><\/b><\/h2>\n<p>Avant d'utiliser la suite de mod\u00e8les Junio, assurez-vous que le plugin Elementor est install\u00e9 et activ\u00e9. Il est \u00e9galement recommand\u00e9 de t\u00e9l\u00e9charger et d'installer les polices de caract\u00e8res suivantes afin de garantir un design coh\u00e9rent :<\/p>\n<ul>\n<li><b><strong>Montserrat : https :<\/strong><\/b> <a href=\"https:\/\/www.361sale.com\/?golink=aHR0cHM6Ly93d3cuZm9udHNxdWlycmVsLmNvbS9mb250cy9tb250c2VycmF0\" target=\"_blank\" rel=\"noopener\">\/\/www.fontsquirrel.com\/fonts\/montserrat<\/a><\/li>\n<li><b><strong>Lato : https :<\/strong><\/b><a href=\"https:\/\/www.361sale.com\/?golink=aHR0cHM6Ly93d3cuZm9udHNxdWlycmVsLmNvbS9mb250cy9sYXRv\" target=\"_blank\" rel=\"noopener\"> \/\/www.fontsquirrel.com\/fonts\/lato<\/a><\/li>\n<\/ul>\n<p><b><strong>L'accessibilit\u00e9 :<\/strong><\/b><\/p>\n<p>Pour plus d'informations ou de soutien, veuillez nous contacter.<\/p>","protected":false},"excerpt":{"rendered":"<p>Junio is an Elementor template suite designed for eSports events and gamemasters for WordPress websites. The suite offers a modern and professional design to help&hellip;<\/p>","protected":false},"featured_media":5707,"comment_status":"open","ping_status":"closed","template":"","meta":[],"product_cat":[466],"product_tag":[],"class_list":{"0":"post-5706","1":"product","2":"type-product","3":"status-publish","4":"has-post-thumbnail","6":"product_cat-template","8":"first","9":"instock","10":"shipping-taxable","11":"purchasable","12":"product-type-simple"},"_links":{"self":[{"href":"https:\/\/www.openbyt.com\/fr\/wp-json\/wp\/v2\/product\/5706","targetHints":{"allow":["GET"]}}],"collection":[{"href":"https:\/\/www.openbyt.com\/fr\/wp-json\/wp\/v2\/product"}],"about":[{"href":"https:\/\/www.openbyt.com\/fr\/wp-json\/wp\/v2\/types\/product"}],"replies":[{"embeddable":true,"href":"https:\/\/www.openbyt.com\/fr\/wp-json\/wp\/v2\/comments?post=5706"}],"version-history":[{"count":1,"href":"https:\/\/www.openbyt.com\/fr\/wp-json\/wp\/v2\/product\/5706\/revisions"}],"predecessor-version":[{"id":5710,"href":"https:\/\/www.openbyt.com\/fr\/wp-json\/wp\/v2\/product\/5706\/revisions\/5710"}],"wp:featuredmedia":[{"embeddable":true,"href":"https:\/\/www.openbyt.com\/fr\/wp-json\/wp\/v2\/media\/5707"}],"wp:attachment":[{"href":"https:\/\/www.openbyt.com\/fr\/wp-json\/wp\/v2\/media?parent=5706"}],"wp:term":[{"taxonomy":"product_cat","embeddable":true,"href":"https:\/\/www.openbyt.com\/fr\/wp-json\/wp\/v2\/product_cat?post=5706"},{"taxonomy":"product_tag","embeddable":true,"href":"https:\/\/www.openbyt.com\/fr\/wp-json\/wp\/v2\/product_tag?post=5706"}],"curies":[{"name":"wp","href":"https:\/\/api.w.org\/{rel}","templated":true}]}}