{"id":5711,"date":"2024-11-15T11:06:24","date_gmt":"2024-11-15T03:06:24","guid":{"rendered":"https:\/\/www.openbyt.com\/?post_type=product&#038;p=5711"},"modified":"2024-11-15T11:06:26","modified_gmt":"2024-11-15T03:06:26","slug":"gymness-sports-fitness-elementor-template-suite","status":"publish","type":"product","link":"https:\/\/www.openbyt.com\/fr\/produit\/gymness-sports-fitness-elementor-template-suite","title":{"rendered":"Gymness - Sports &amp; Fitness Elementor Template Suite"},"content":{"rendered":"<p>Gymness est une suite de templates Elementor con\u00e7ue pour l'industrie du sport et du fitness, pour les sites web li\u00e9s aux salles de sport, aux studios de yoga, aux entra\u00eeneurs de fitness et plus encore. La suite offre un design moderne et professionnel avec plusieurs pages et blocs pr\u00e9con\u00e7us pour une construction et une personnalisation rapide du site web.<\/p>\n<h2><b>Caract\u00e9ristiques principales :<\/b><\/h2>\n<ul>\n<li><b><strong>Mise en page multiple :<\/strong><\/b> Comprend la page d'accueil, qui sommes-nous, les services, les cours, l'\u00e9quipe d'encadrement, le blog et la page de contact pour r\u00e9pondre \u00e0 diff\u00e9rents besoins d'affichage de contenu.<\/li>\n<li><b><strong>Conception adapt\u00e9e :<\/strong><\/b> Veille \u00e0 ce que le site s'affiche correctement sur les ordinateurs de bureau, les tablettes et les appareils mobiles.<\/li>\n<li><b><strong>Facile \u00e0 personnaliser :<\/strong><\/b> L'\u00e9diteur par glisser-d\u00e9poser d'Elementor permet aux utilisateurs de modifier facilement le contenu et la mise en page sans programmation.<\/li>\n<li><b><strong>Favorable \u00e0 l'optimisation des ressources (SEO) :<\/strong><\/b> Utiliser les meilleures pratiques pour am\u00e9liorer le classement dans les moteurs de recherche.<\/li>\n<li><b><strong>Images de haute qualit\u00e9 :<\/strong><\/b> Les images du mod\u00e8le de pr\u00e9visualisation proviennent d'Unsplash et de Pexels afin de garantir un aspect visuel attrayant.<\/li>\n<\/ul>\n<h2><b><strong>Pr\u00e9paration avant utilisation :<\/strong><\/b><\/h2>\n<p>Avant d'utiliser la suite de templates Gymness, assurez-vous que le plugin Elementor est install\u00e9 et activ\u00e9. Il est \u00e9galement recommand\u00e9 de t\u00e9l\u00e9charger et d'installer les polices de caract\u00e8res suivantes afin d'assurer un design coh\u00e9rent :<\/p>\n<ul>\n<li><b><strong>Montserrat : https :<\/strong><\/b> <a href=\"https:\/\/www.361sale.com\/?golink=aHR0cHM6Ly93d3cuZm9udHNxdWlycmVsLmNvbS9mb250cy9tb250c2VycmF0\" target=\"_blank\" rel=\"noopener\">\/\/www.fontsquirrel.com\/fonts\/montserrat<\/a><\/li>\n<li><b><strong>Lato : https :<\/strong><\/b> <a href=\"https:\/\/www.361sale.com\/?golink=aHR0cHM6Ly93d3cuZm9udHNxdWlycmVsLmNvbS9mb250cy9sYXRv\" target=\"_blank\" rel=\"noopener\">\/\/www.fontsquirrel.com\/fonts\/lato<\/a><\/li>\n<\/ul>\n<p><b><strong>L'accessibilit\u00e9 :<\/strong><\/b><\/p>\n<p>La suite de mod\u00e8les Gymness est disponible sur une vari\u00e9t\u00e9 de plateformes telles que OnlyWordPress, DesignTemplatePlace et XYZTheme, veuillez donc s\u00e9lectionner le canal appropri\u00e9 pour t\u00e9l\u00e9charger et installer selon vos besoins.<\/p>\n<p>Pour plus d'informations ou de soutien, veuillez nous contacter.<\/p>","protected":false},"excerpt":{"rendered":"<p>Gymness is an Elementor template suite designed for the sports and fitness industry, for websites related to gyms, yoga studios, fitness trainers and more. The&hellip;<\/p>","protected":false},"featured_media":5712,"comment_status":"open","ping_status":"closed","template":"","meta":[],"product_cat":[466],"product_tag":[],"class_list":{"0":"post-5711","1":"product","2":"type-product","3":"status-publish","4":"has-post-thumbnail","6":"product_cat-template","8":"first","9":"instock","10":"shipping-taxable","11":"purchasable","12":"product-type-simple"},"_links":{"self":[{"href":"https:\/\/www.openbyt.com\/fr\/wp-json\/wp\/v2\/product\/5711","targetHints":{"allow":["GET"]}}],"collection":[{"href":"https:\/\/www.openbyt.com\/fr\/wp-json\/wp\/v2\/product"}],"about":[{"href":"https:\/\/www.openbyt.com\/fr\/wp-json\/wp\/v2\/types\/product"}],"replies":[{"embeddable":true,"href":"https:\/\/www.openbyt.com\/fr\/wp-json\/wp\/v2\/comments?post=5711"}],"version-history":[{"count":1,"href":"https:\/\/www.openbyt.com\/fr\/wp-json\/wp\/v2\/product\/5711\/revisions"}],"predecessor-version":[{"id":5715,"href":"https:\/\/www.openbyt.com\/fr\/wp-json\/wp\/v2\/product\/5711\/revisions\/5715"}],"wp:featuredmedia":[{"embeddable":true,"href":"https:\/\/www.openbyt.com\/fr\/wp-json\/wp\/v2\/media\/5712"}],"wp:attachment":[{"href":"https:\/\/www.openbyt.com\/fr\/wp-json\/wp\/v2\/media?parent=5711"}],"wp:term":[{"taxonomy":"product_cat","embeddable":true,"href":"https:\/\/www.openbyt.com\/fr\/wp-json\/wp\/v2\/product_cat?post=5711"},{"taxonomy":"product_tag","embeddable":true,"href":"https:\/\/www.openbyt.com\/fr\/wp-json\/wp\/v2\/product_tag?post=5711"}],"curies":[{"name":"wp","href":"https:\/\/api.w.org\/{rel}","templated":true}]}}