{"id":5716,"date":"2024-11-15T11:08:51","date_gmt":"2024-11-15T03:08:51","guid":{"rendered":"https:\/\/www.openbyt.com\/?post_type=product&#038;p=5716"},"modified":"2024-11-15T11:09:06","modified_gmt":"2024-11-15T03:09:06","slug":"5716","status":"publish","type":"product","link":"https:\/\/www.openbyt.com\/fr\/produit\/5716","title":{"rendered":"Tarkamo - Football et \u00e9v\u00e9nements sportifs Elementor Template Suite"},"content":{"rendered":"<p><b><strong>Tarkamo - Elementor pour le football et les \u00e9v\u00e9nements sportifs<\/strong><\/b> <b><strong>Suite de mod\u00e8les<\/strong><\/b> est une suite de templates Elementor sp\u00e9cialement con\u00e7ue pour le football et les \u00e9v\u00e9nements sportifs, adapt\u00e9e \u00e0 l'affichage des rencontres, des r\u00e9sultats, des profils d'\u00e9quipes, etc., facilitant ainsi l'organisation et la promotion d'\u00e9v\u00e9nements sportifs.<\/p>\n<h2><b>Caract\u00e9ristiques principales :<\/b><\/h2>\n<ul>\n<li><b><strong>Conception adapt\u00e9e<\/strong><\/b>L'affichage de l'image sur des appareils tels que les ordinateurs de bureau, les tablettes et les t\u00e9l\u00e9phones intelligents est garanti.<\/li>\n<li><b><strong>Compatibilit\u00e9<\/strong><\/b>: Enti\u00e8rement compatible avec le constructeur de pages Elementor, facile \u00e0 personnaliser sans connaissances en programmation.<\/li>\n<li><b><strong>Mod\u00e8les pr\u00e9-con\u00e7us<\/strong><\/b>: Comprend une vari\u00e9t\u00e9 de mod\u00e8les de pages pour la page d'accueil, les matchs, les d\u00e9tails des matchs, les \u00e9quipes, les d\u00e9tails des \u00e9quipes, les d\u00e9tails des joueurs, la page de r\u00e9servation, la page de tarification, la page de blog, la page d'article unique, le calendrier des matchs et les alignements de matchs.<\/li>\n<li><b><strong>Compl\u00e9ments<\/strong><\/b>Le projet comprend la conception de l'en-t\u00eate et du pied de page, le formulaire de r\u00e9servation MetForm, le style global en utilisant des plugins comme Elementor, Elementor Header &amp; Footer Builder, MetForm, ElementsKit Lite et Gum Elementor Addon.<\/li>\n<\/ul>\n<h2><b>Sc\u00e9narios d'utilisation :<\/b><\/h2>\n<p>Tarkamo est parfait pour cr\u00e9er des sites web pour les clubs de football, les \u00e9v\u00e9nements sportifs et les activit\u00e9s connexes. Avec une interface conviviale et des mod\u00e8les facilement personnalisables, la suite convient aussi bien aux d\u00e9butants qu'aux d\u00e9veloppeurs exp\u00e9riment\u00e9s.<\/p>","protected":false},"excerpt":{"rendered":"<p>Tarkamo &#8211; Football and Sporting Events Elementor Template Suite is an Elementor template suite specially designed for soccer and sporting events, suitable for displaying fixtures,&hellip;<\/p>","protected":false},"featured_media":5717,"comment_status":"open","ping_status":"closed","template":"","meta":[],"product_cat":[466],"product_tag":[],"class_list":{"0":"post-5716","1":"product","2":"type-product","3":"status-publish","4":"has-post-thumbnail","6":"product_cat-template","8":"first","9":"instock","10":"shipping-taxable","11":"product-type-simple"},"_links":{"self":[{"href":"https:\/\/www.openbyt.com\/fr\/wp-json\/wp\/v2\/product\/5716","targetHints":{"allow":["GET"]}}],"collection":[{"href":"https:\/\/www.openbyt.com\/fr\/wp-json\/wp\/v2\/product"}],"about":[{"href":"https:\/\/www.openbyt.com\/fr\/wp-json\/wp\/v2\/types\/product"}],"replies":[{"embeddable":true,"href":"https:\/\/www.openbyt.com\/fr\/wp-json\/wp\/v2\/comments?post=5716"}],"version-history":[{"count":2,"href":"https:\/\/www.openbyt.com\/fr\/wp-json\/wp\/v2\/product\/5716\/revisions"}],"predecessor-version":[{"id":5721,"href":"https:\/\/www.openbyt.com\/fr\/wp-json\/wp\/v2\/product\/5716\/revisions\/5721"}],"wp:featuredmedia":[{"embeddable":true,"href":"https:\/\/www.openbyt.com\/fr\/wp-json\/wp\/v2\/media\/5717"}],"wp:attachment":[{"href":"https:\/\/www.openbyt.com\/fr\/wp-json\/wp\/v2\/media?parent=5716"}],"wp:term":[{"taxonomy":"product_cat","embeddable":true,"href":"https:\/\/www.openbyt.com\/fr\/wp-json\/wp\/v2\/product_cat?post=5716"},{"taxonomy":"product_tag","embeddable":true,"href":"https:\/\/www.openbyt.com\/fr\/wp-json\/wp\/v2\/product_tag?post=5716"}],"curies":[{"name":"wp","href":"https:\/\/api.w.org\/{rel}","templated":true}]}}