{"id":5675,"date":"2024-11-15T10:37:16","date_gmt":"2024-11-15T02:37:16","guid":{"rendered":"https:\/\/www.openbyt.com\/?post_type=product&#038;p=5675"},"modified":"2024-11-15T10:41:07","modified_gmt":"2024-11-15T02:41:07","slug":"zenith-technology-and-it-company-elementor-template-suite","status":"publish","type":"product","link":"https:\/\/www.openbyt.com\/pt\/produto\/empresa-de-tecnologia-e-informatica-zenith-elementor-template-suite","title":{"rendered":"Zenith - Suite de Templates Elementor para empresas de tecnologia e TI"},"content":{"rendered":"<p><b><strong>Zenith - Elementor Template Suite para empresas de tecnologia e TI Elementor Template<\/strong><\/b> Suite \u00e9 um conjunto de modelos Elementor para s\u00edtios Web WordPress concebidos para empresas de tecnologia e TI. O conjunto oferece um design moderno e profissional para ajudar os utilizadores a criar rapidamente s\u00edtios Web empresariais de alta qualidade.<\/p>\n<h3><b>Carater\u00edsticas principais:<\/b><\/h3>\n<ul>\n<li><b><strong>Layout de v\u00e1rias p\u00e1ginas<\/strong><\/b>Inclui p\u00e1ginas para a p\u00e1gina inicial, sobre n\u00f3s, servi\u00e7os, projectos, equipa, blogue e contacte-nos para satisfazer diferentes necessidades de apresenta\u00e7\u00e3o de conte\u00fados.<\/li>\n<li><b><strong>Design responsivo<\/strong><\/b>: Certifique-se de que o s\u00edtio Web \u00e9 bem apresentado em computadores, tablets e dispositivos m\u00f3veis.<\/li>\n<li><b><strong>F\u00e1cil de personalizar<\/strong><\/b>Com o editor de arrastar e largar do Elementor, os utilizadores podem modificar facilmente o conte\u00fado e o esquema sem programa\u00e7\u00e3o.<\/li>\n<li><b><strong>Adequado para SEO<\/strong><\/b>: Utilize as melhores pr\u00e1ticas para melhorar a classifica\u00e7\u00e3o nos motores de busca.<\/li>\n<\/ul>\n<h3><b>Prepara\u00e7\u00e3o antes da utiliza\u00e7\u00e3o:<\/b><\/h3>\n<p>Antes de utilizar o conjunto de modelos Zenith, certifique-se de que instalou e activou o plug-in Elementor. Recomenda-se tamb\u00e9m que descarregue e instale os seguintes tipos de letra para garantir um design consistente:<\/p>\n<ul>\n<li><b><strong>Fontes Montserrat:<\/strong><\/b> https: <a href=\"https:\/\/www.361sale.com\/?golink=aHR0cHM6Ly93d3cuZm9udHNxdWlycmVsLmNvbS9mb250cy9tb250c2VycmF0\" target=\"_blank\" rel=\"noopener\">\/\/www.fontsquirrel.com\/fonts\/montserrat<\/a><\/li>\n<li><b><strong>Fontes Lato:<\/strong><\/b> https: <a href=\"https:\/\/www.361sale.com\/?golink=aHR0cHM6Ly93d3cuZm9udHNxdWlycmVsLmNvbS9mb250cy9sYXRv\" target=\"_blank\" rel=\"noopener\">\/\/www.fontsquirrel.com\/fonts\/lato<\/a><\/li>\n<\/ul>\n<h3><b>Acessibilidade:<\/b><\/h3>\n<p>O conjunto de modelos Zenith est\u00e1 dispon\u00edvel em v\u00e1rias plataformas, como ThemeForest e Envato Elements, pelo que deve escolher o canal adequado para descarregar e instalar de acordo com as suas necessidades.<\/p>\n<p>Para mais informa\u00e7\u00f5es ou apoio, contacte-nos.<\/p>","protected":false},"excerpt":{"rendered":"<p>Zenith &#8211; Elementor Template Suite for Technology and IT Companies Elementor Template Suite is an Elementor template suite for WordPress websites designed for technology and&hellip;<\/p>","protected":false},"featured_media":5682,"comment_status":"open","ping_status":"closed","template":"","meta":[],"product_cat":[466],"product_tag":[],"class_list":{"0":"post-5675","1":"product","2":"type-product","3":"status-publish","4":"has-post-thumbnail","6":"product_cat-template","8":"first","9":"instock","10":"shipping-taxable","11":"purchasable","12":"product-type-simple"},"_links":{"self":[{"href":"https:\/\/www.openbyt.com\/pt\/wp-json\/wp\/v2\/product\/5675","targetHints":{"allow":["GET"]}}],"collection":[{"href":"https:\/\/www.openbyt.com\/pt\/wp-json\/wp\/v2\/product"}],"about":[{"href":"https:\/\/www.openbyt.com\/pt\/wp-json\/wp\/v2\/types\/product"}],"replies":[{"embeddable":true,"href":"https:\/\/www.openbyt.com\/pt\/wp-json\/wp\/v2\/comments?post=5675"}],"version-history":[{"count":1,"href":"https:\/\/www.openbyt.com\/pt\/wp-json\/wp\/v2\/product\/5675\/revisions"}],"predecessor-version":[{"id":5680,"href":"https:\/\/www.openbyt.com\/pt\/wp-json\/wp\/v2\/product\/5675\/revisions\/5680"}],"wp:featuredmedia":[{"embeddable":true,"href":"https:\/\/www.openbyt.com\/pt\/wp-json\/wp\/v2\/media\/5682"}],"wp:attachment":[{"href":"https:\/\/www.openbyt.com\/pt\/wp-json\/wp\/v2\/media?parent=5675"}],"wp:term":[{"taxonomy":"product_cat","embeddable":true,"href":"https:\/\/www.openbyt.com\/pt\/wp-json\/wp\/v2\/product_cat?post=5675"},{"taxonomy":"product_tag","embeddable":true,"href":"https:\/\/www.openbyt.com\/pt\/wp-json\/wp\/v2\/product_tag?post=5675"}],"curies":[{"name":"wp","href":"https:\/\/api.w.org\/{rel}","templated":true}]}}