{"id":5689,"date":"2024-11-15T10:53:43","date_gmt":"2024-11-15T02:53:43","guid":{"rendered":"https:\/\/www.openbyt.com\/?post_type=product&#038;p=5689"},"modified":"2025-04-13T19:04:41","modified_gmt":"2025-04-13T11:04:41","slug":"deefun-festival-event-organizer-elementor-template-suite","status":"publish","type":"product","link":"https:\/\/www.openbyt.com\/pt\/produto\/deefun-festival-organizador-de-eventos-elementor-template-suite","title":{"rendered":"DeeFun - Conjunto de modelos Elementor para organiza\u00e7\u00e3o de festivais e eventos"},"content":{"rendered":"<p>O DeeFun \u00e9 um conjunto de modelos Elementor para s\u00edtios Web WordPress concebidos para organizadores de festivais e eventos. O conjunto oferece um design moderno e profissional para ajudar os utilizadores a criar rapidamente s\u00edtios Web de alta qualidade para organizadores de eventos.<\/p>\n<h2><b>Carater\u00edsticas principais<\/b><\/h2>\n<ul>\n<li><b><strong>V\u00e1rios layouts de p\u00e1gina:<\/strong><\/b> Inclui In\u00edcio, Sobre n\u00f3s, Servi\u00e7os, Listagens de eventos, FAQ, Not\u00edcias, Galeria e Contacte-nos para diferentes necessidades de apresenta\u00e7\u00e3o de conte\u00fados.<\/li>\n<li><b><strong>Design responsivo:<\/strong><\/b> Certifique-se de que o seu s\u00edtio Web \u00e9 bem apresentado em computadores, tablets e dispositivos m\u00f3veis.<\/li>\n<li><b><strong>F\u00e1cil de personalizar:<\/strong><\/b> O editor de arrastar e largar do Elementor facilita aos utilizadores a modifica\u00e7\u00e3o do conte\u00fado e do esquema sem programa\u00e7\u00e3o.<\/li>\n<li><b><strong>Adequado para SEO:<\/strong><\/b> Utilize as melhores pr\u00e1ticas para melhorar a classifica\u00e7\u00e3o nos motores de busca.<\/li>\n<\/ul>\n<h2><b><strong>Prepara\u00e7\u00e3o antes da utiliza\u00e7\u00e3o:<\/strong><\/b><\/h2>\n<p>Antes de utilizar o conjunto de modelos DeeFun, certifique-se de que instalou e activou o plug-in Elementor. Recomenda-se tamb\u00e9m que descarregue e instale os seguintes tipos de letra para garantir um design consistente:<\/p>\n<ul>\n<li><b><strong>Fontes Montserrat: https:<\/strong><\/b> <a href=\"https:\/\/www.361sale.com\/?golink=aHR0cHM6Ly93d3cuZm9udHNxdWlycmVsLmNvbS9mb250cy9tb250c2VycmF0\" target=\"_blank\" rel=\"noopener\">\/\/www.fontsquirrel.com\/fonts\/montserrat<\/a><\/li>\n<li><b><strong>Tipos de letra Lato: https:<\/strong><\/b> <a href=\"https:\/\/www.361sale.com\/?golink=aHR0cHM6Ly93d3cuZm9udHNxdWlycmVsLmNvbS9mb250cy9sYXRv\" target=\"_blank\" rel=\"noopener\">\/\/www.fontsquirrel.com\/fonts\/lato<\/a><\/li>\n<\/ul>\n<p><b><strong>Acessibilidade:<\/strong><\/b><\/p>\n<p>Para mais informa\u00e7\u00f5es ou apoio, contacte-nos.<\/p>","protected":false},"excerpt":{"rendered":"<p>DeeFun is an Elementor template suite for WordPress websites designed for festival and event organizers. The suite offers a modern and professional design to help&hellip;<\/p>","protected":false},"featured_media":5690,"comment_status":"open","ping_status":"closed","template":"","meta":[],"product_cat":[466],"product_tag":[],"class_list":{"0":"post-5689","1":"product","2":"type-product","3":"status-publish","4":"has-post-thumbnail","6":"product_cat-template","8":"first","9":"instock","10":"shipping-taxable","11":"purchasable","12":"product-type-simple"},"_links":{"self":[{"href":"https:\/\/www.openbyt.com\/pt\/wp-json\/wp\/v2\/product\/5689","targetHints":{"allow":["GET"]}}],"collection":[{"href":"https:\/\/www.openbyt.com\/pt\/wp-json\/wp\/v2\/product"}],"about":[{"href":"https:\/\/www.openbyt.com\/pt\/wp-json\/wp\/v2\/types\/product"}],"replies":[{"embeddable":true,"href":"https:\/\/www.openbyt.com\/pt\/wp-json\/wp\/v2\/comments?post=5689"}],"version-history":[{"count":1,"href":"https:\/\/www.openbyt.com\/pt\/wp-json\/wp\/v2\/product\/5689\/revisions"}],"predecessor-version":[{"id":5695,"href":"https:\/\/www.openbyt.com\/pt\/wp-json\/wp\/v2\/product\/5689\/revisions\/5695"}],"wp:featuredmedia":[{"embeddable":true,"href":"https:\/\/www.openbyt.com\/pt\/wp-json\/wp\/v2\/media\/5690"}],"wp:attachment":[{"href":"https:\/\/www.openbyt.com\/pt\/wp-json\/wp\/v2\/media?parent=5689"}],"wp:term":[{"taxonomy":"product_cat","embeddable":true,"href":"https:\/\/www.openbyt.com\/pt\/wp-json\/wp\/v2\/product_cat?post=5689"},{"taxonomy":"product_tag","embeddable":true,"href":"https:\/\/www.openbyt.com\/pt\/wp-json\/wp\/v2\/product_tag?post=5689"}],"curies":[{"name":"wp","href":"https:\/\/api.w.org\/{rel}","templated":true}]}}