{"id":5696,"date":"2024-11-15T10:57:14","date_gmt":"2024-11-15T02:57:14","guid":{"rendered":"https:\/\/www.openbyt.com\/?post_type=product&#038;p=5696"},"modified":"2024-11-15T10:57:15","modified_gmt":"2024-11-15T02:57:15","slug":"noxious-gaming-gaming-elementor-template-kit","status":"publish","type":"product","link":"https:\/\/www.openbyt.com\/pt\/produto\/noxious-gaming-elementor-template-kit","title":{"rendered":"Noxious - Kit de modelos Elementor para jogos e apostas"},"content":{"rendered":"<h3>O Noxious \u00e9 um conjunto de modelos Elementor concebido para s\u00edtios Web relacionados com eSports e jogos para a plataforma WordPress. Desenvolvido pela Rometheme, o conjunto oferece um design moderno e profissional para ajudar os utilizadores a criar rapidamente s\u00edtios Web de eSports e jogos de alta qualidade.<\/h3>\n<h2><b><strong>Carater\u00edsticas principais:<\/strong><\/b><\/h2>\n<ul>\n<li><b><strong>Layout de v\u00e1rias p\u00e1ginas:<\/strong><\/b> incluindo a p\u00e1gina inicial, sobre n\u00f3s, not\u00edcias, equipa, galeria, parceiros, p\u00e1gina de erro 404, p\u00e1gina ao vivo e contacte-nos, etc., para satisfazer diferentes necessidades de apresenta\u00e7\u00e3o de conte\u00fados.<\/li>\n<li><b><strong>Design responsivo:<\/strong><\/b> Assegure-se de que o s\u00edtio \u00e9 bem apresentado em computadores, tablets e dispositivos m\u00f3veis.<\/li>\n<li><b><strong>F\u00e1cil de personalizar:<\/strong><\/b> O editor de arrastar e largar do Elementor facilita aos utilizadores a modifica\u00e7\u00e3o do conte\u00fado e do esquema sem programa\u00e7\u00e3o.<\/li>\n<li><b><strong>Adequado para SEO:<\/strong><\/b> Utilize as melhores pr\u00e1ticas para melhorar a classifica\u00e7\u00e3o nos motores de busca.<\/li>\n<\/ul>\n<h2><b><strong>Prepare-se para a utiliza\u00e7\u00e3o:<\/strong><\/b><\/h2>\n<p>Antes de utilizar o conjunto de modelos Noxious, certifique-se de que o plug-in Elementor est\u00e1 instalado e ativado. Recomenda-se tamb\u00e9m que descarregue e instale os seguintes tipos de letra para garantir um design consistente:<\/p>\n<ul>\n<li><b><strong>Montserrat: https:<\/strong><\/b> <a href=\"https:\/\/www.361sale.com\/?golink=aHR0cHM6Ly93d3cuZm9udHNxdWlycmVsLmNvbS9mb250cy9tb250c2VycmF0\" target=\"_blank\" rel=\"noopener\">\/\/www.fontsquirrel.com\/fonts\/montserrat<\/a><\/li>\n<li><b><strong>Lato: https:<\/strong><\/b> <a href=\"https:\/\/www.361sale.com\/?golink=aHR0cHM6Ly93d3cuZm9udHNxdWlycmVsLmNvbS9mb250cy9sYXRv\" target=\"_blank\" rel=\"noopener\">\/\/www.fontsquirrel.com\/fonts\/lato<\/a><\/li>\n<\/ul>\n<p><b><strong>Acessibilidade:<\/strong><\/b><\/p>\n<p>Para mais informa\u00e7\u00f5es ou apoio, contacte-nos.<\/p>","protected":false},"excerpt":{"rendered":"<p>Noxious is an Elementor template suite designed for eSports and gaming related websites for the WordPress platform. Developed by Rometheme, the suite offers a modern&hellip;<\/p>","protected":false},"featured_media":5697,"comment_status":"open","ping_status":"closed","template":"","meta":[],"product_cat":[466],"product_tag":[],"class_list":{"0":"post-5696","1":"product","2":"type-product","3":"status-publish","4":"has-post-thumbnail","6":"product_cat-template","8":"first","9":"instock","10":"shipping-taxable","11":"purchasable","12":"product-type-simple"},"_links":{"self":[{"href":"https:\/\/www.openbyt.com\/pt\/wp-json\/wp\/v2\/product\/5696","targetHints":{"allow":["GET"]}}],"collection":[{"href":"https:\/\/www.openbyt.com\/pt\/wp-json\/wp\/v2\/product"}],"about":[{"href":"https:\/\/www.openbyt.com\/pt\/wp-json\/wp\/v2\/types\/product"}],"replies":[{"embeddable":true,"href":"https:\/\/www.openbyt.com\/pt\/wp-json\/wp\/v2\/comments?post=5696"}],"version-history":[{"count":1,"href":"https:\/\/www.openbyt.com\/pt\/wp-json\/wp\/v2\/product\/5696\/revisions"}],"predecessor-version":[{"id":5700,"href":"https:\/\/www.openbyt.com\/pt\/wp-json\/wp\/v2\/product\/5696\/revisions\/5700"}],"wp:featuredmedia":[{"embeddable":true,"href":"https:\/\/www.openbyt.com\/pt\/wp-json\/wp\/v2\/media\/5697"}],"wp:attachment":[{"href":"https:\/\/www.openbyt.com\/pt\/wp-json\/wp\/v2\/media?parent=5696"}],"wp:term":[{"taxonomy":"product_cat","embeddable":true,"href":"https:\/\/www.openbyt.com\/pt\/wp-json\/wp\/v2\/product_cat?post=5696"},{"taxonomy":"product_tag","embeddable":true,"href":"https:\/\/www.openbyt.com\/pt\/wp-json\/wp\/v2\/product_tag?post=5696"}],"curies":[{"name":"wp","href":"https:\/\/api.w.org\/{rel}","templated":true}]}}