{"id":5701,"date":"2024-11-15T11:00:17","date_gmt":"2024-11-15T03:00:17","guid":{"rendered":"https:\/\/www.openbyt.com\/?post_type=product&#038;p=5701"},"modified":"2024-11-15T11:00:19","modified_gmt":"2024-11-15T03:00:19","slug":"devour-elementor-template-suite-for-game-developers","status":"publish","type":"product","link":"https:\/\/www.openbyt.com\/pt\/produto\/devour-elementor-template-suite-para-programadores-de-jogos","title":{"rendered":"Devour - Suite de modelos Elementor para programadores de jogos"},"content":{"rendered":"<p>O Devour \u00e9 um conjunto de modelos Elementor para s\u00edtios Web WordPress concebidos para criadores de jogos. O conjunto oferece um design moderno e profissional para ajudar os utilizadores a criar rapidamente s\u00edtios Web de alta qualidade para criadores de jogos.<\/p>\n<h2><b>Carater\u00edsticas principais:<\/b><\/h2>\n<ul>\n<li><b><strong>V\u00e1rios layouts de p\u00e1gina:<\/strong><\/b> Inclui p\u00e1ginas Home, Sobre n\u00f3s, Servi\u00e7os, Contacte-nos, Equipa, Portf\u00f3lio, Trabalhos individuais, FAQ, Blogue e 404 para satisfazer diferentes necessidades de apresenta\u00e7\u00e3o de conte\u00fados.<\/li>\n<li><b><strong>Design responsivo:<\/strong><\/b> Assegure-se de que o s\u00edtio \u00e9 bem apresentado em computadores, tablets e dispositivos m\u00f3veis.<\/li>\n<li><b><strong>F\u00e1cil de personalizar:<\/strong><\/b> O editor de arrastar e largar do Elementor facilita aos utilizadores a modifica\u00e7\u00e3o do conte\u00fado e do esquema sem programa\u00e7\u00e3o.<\/li>\n<li><b><strong>Adequado para SEO:<\/strong><\/b> Utilize as melhores pr\u00e1ticas para melhorar a classifica\u00e7\u00e3o nos motores de busca.<\/li>\n<\/ul>\n<h2><b>Prepara\u00e7\u00e3o antes da utiliza\u00e7\u00e3o:<\/b><\/h2>\n<p>Antes de utilizar o conjunto de modelos Devour, certifique-se de que o plug-in Elementor est\u00e1 instalado e ativado. Recomenda-se tamb\u00e9m que descarregue e instale os seguintes tipos de letra para garantir um design consistente:<\/p>\n<ul>\n<li><b><strong>Montserrat: https:<\/strong><\/b> <a href=\"https:\/\/www.361sale.com\/?golink=aHR0cHM6Ly93d3cuZm9udHNxdWlycmVsLmNvbS9mb250cy9tb250c2VycmF0\" target=\"_blank\" rel=\"noopener\">\/\/www.fontsquirrel.com\/fonts\/montserrat<\/a><\/li>\n<li><b><strong>Lato: https:<\/strong><\/b> <a href=\"https:\/\/www.361sale.com\/?golink=aHR0cHM6Ly93d3cuZm9udHNxdWlycmVsLmNvbS9mb250cy9sYXRv\" target=\"_blank\" rel=\"noopener\">\/\/www.fontsquirrel.com\/fonts\/lato<\/a><\/li>\n<\/ul>\n<p><b><strong>Acessibilidade:<\/strong><\/b><\/p>\n<p>Para mais informa\u00e7\u00f5es ou apoio, contacte-nos.<\/p>","protected":false},"excerpt":{"rendered":"<p>Devour is an Elementor template suite for WordPress websites designed for game developers. The suite offers a modern and professional design to help users quickly&hellip;<\/p>","protected":false},"featured_media":5702,"comment_status":"open","ping_status":"closed","template":"","meta":[],"product_cat":[466],"product_tag":[],"class_list":{"0":"post-5701","1":"product","2":"type-product","3":"status-publish","4":"has-post-thumbnail","6":"product_cat-template","8":"first","9":"instock","10":"shipping-taxable","11":"purchasable","12":"product-type-simple"},"_links":{"self":[{"href":"https:\/\/www.openbyt.com\/pt\/wp-json\/wp\/v2\/product\/5701","targetHints":{"allow":["GET"]}}],"collection":[{"href":"https:\/\/www.openbyt.com\/pt\/wp-json\/wp\/v2\/product"}],"about":[{"href":"https:\/\/www.openbyt.com\/pt\/wp-json\/wp\/v2\/types\/product"}],"replies":[{"embeddable":true,"href":"https:\/\/www.openbyt.com\/pt\/wp-json\/wp\/v2\/comments?post=5701"}],"version-history":[{"count":1,"href":"https:\/\/www.openbyt.com\/pt\/wp-json\/wp\/v2\/product\/5701\/revisions"}],"predecessor-version":[{"id":5705,"href":"https:\/\/www.openbyt.com\/pt\/wp-json\/wp\/v2\/product\/5701\/revisions\/5705"}],"wp:featuredmedia":[{"embeddable":true,"href":"https:\/\/www.openbyt.com\/pt\/wp-json\/wp\/v2\/media\/5702"}],"wp:attachment":[{"href":"https:\/\/www.openbyt.com\/pt\/wp-json\/wp\/v2\/media?parent=5701"}],"wp:term":[{"taxonomy":"product_cat","embeddable":true,"href":"https:\/\/www.openbyt.com\/pt\/wp-json\/wp\/v2\/product_cat?post=5701"},{"taxonomy":"product_tag","embeddable":true,"href":"https:\/\/www.openbyt.com\/pt\/wp-json\/wp\/v2\/product_tag?post=5701"}],"curies":[{"name":"wp","href":"https:\/\/api.w.org\/{rel}","templated":true}]}}