{"id":5706,"date":"2024-11-15T11:03:30","date_gmt":"2024-11-15T03:03:30","guid":{"rendered":"https:\/\/www.openbyt.com\/?post_type=product&#038;p=5706"},"modified":"2025-06-07T07:52:20","modified_gmt":"2025-06-06T23:52:20","slug":"junio-elementor-template-suite-for-gaming-events-and-game-hosts","status":"publish","type":"product","link":"https:\/\/www.openbyt.com\/pt\/produto\/junio-elementor-template-suite-para-eventos-de-jogos-e-anfitrioes-de-jogos","title":{"rendered":"Junio - Elementor Template Suite para eventos de jogos e anfitri\u00f5es de jogos"},"content":{"rendered":"<p>Junio \u00e9 um conjunto de modelos Elementor concebido para eventos de eSports e gamemasters para s\u00edtios Web WordPress. O conjunto oferece um design moderno e profissional para ajudar os utilizadores a criar rapidamente s\u00edtios Web de alta qualidade relacionados com os eSports.<\/p>\n<h2><b><strong>Carater\u00edsticas principais:<\/strong><\/b><\/h2>\n<ul>\n<li><b><strong>Layout de v\u00e1rias p\u00e1ginas:<\/strong><\/b> Inclui uma p\u00e1gina inicial, sobre n\u00f3s, calend\u00e1rio de torneios, perfis de equipas, blogue e p\u00e1gina de contactos para satisfazer diferentes necessidades de apresenta\u00e7\u00e3o de conte\u00fados.<\/li>\n<li><b><strong>Design responsivo:<\/strong><\/b> Certifique-se de que o seu s\u00edtio Web tem bom aspeto em computadores, tablets e dispositivos m\u00f3veis.<\/li>\n<li><b><strong>F\u00e1cil de personalizar:<\/strong><\/b> O editor de arrastar e largar do Elementor permite aos utilizadores modificar facilmente o conte\u00fado e o esquema sem programa\u00e7\u00e3o.<\/li>\n<li><b><strong>Adequado para SEO:<\/strong><\/b> Utiliza as melhores pr\u00e1ticas para melhorar a classifica\u00e7\u00e3o nos motores de busca.<\/li>\n<li><b><strong>Imagens de alta qualidade:<\/strong><\/b> As imagens no modelo de pr\u00e9-visualiza\u00e7\u00e3o prov\u00eam do Unsplash e do Pexels para garantir um aspeto visualmente apelativo.<\/li>\n<\/ul>\n<h2><b><strong>Prepara\u00e7\u00e3o antes da utiliza\u00e7\u00e3o:<\/strong><\/b><\/h2>\n<p>Antes de utilizar o conjunto de modelos Junio, certifique-se de que o plug-in Elementor est\u00e1 instalado e ativado. Recomenda-se tamb\u00e9m que descarregue e instale os seguintes tipos de letra para garantir um design consistente:<\/p>\n<ul>\n<li><b><strong>Montserrat: https:<\/strong><\/b> <a href=\"https:\/\/www.361sale.com\/?golink=aHR0cHM6Ly93d3cuZm9udHNxdWlycmVsLmNvbS9mb250cy9tb250c2VycmF0\" target=\"_blank\" rel=\"noopener\">\/\/www.fontsquirrel.com\/fonts\/montserrat<\/a><\/li>\n<li><b><strong>Lato: https:<\/strong><\/b><a href=\"https:\/\/www.361sale.com\/?golink=aHR0cHM6Ly93d3cuZm9udHNxdWlycmVsLmNvbS9mb250cy9sYXRv\" target=\"_blank\" rel=\"noopener\"> \/\/www.fontsquirrel.com\/fonts\/lato<\/a><\/li>\n<\/ul>\n<p><b><strong>Acessibilidade:<\/strong><\/b><\/p>\n<p>Para mais informa\u00e7\u00f5es ou apoio, contacte-nos.<\/p>","protected":false},"excerpt":{"rendered":"<p>Junio is an Elementor template suite designed for eSports events and gamemasters for WordPress websites. The suite offers a modern and professional design to help&hellip;<\/p>","protected":false},"featured_media":5707,"comment_status":"open","ping_status":"closed","template":"","meta":[],"product_cat":[466],"product_tag":[],"class_list":{"0":"post-5706","1":"product","2":"type-product","3":"status-publish","4":"has-post-thumbnail","6":"product_cat-template","8":"first","9":"instock","10":"shipping-taxable","11":"purchasable","12":"product-type-simple"},"_links":{"self":[{"href":"https:\/\/www.openbyt.com\/pt\/wp-json\/wp\/v2\/product\/5706","targetHints":{"allow":["GET"]}}],"collection":[{"href":"https:\/\/www.openbyt.com\/pt\/wp-json\/wp\/v2\/product"}],"about":[{"href":"https:\/\/www.openbyt.com\/pt\/wp-json\/wp\/v2\/types\/product"}],"replies":[{"embeddable":true,"href":"https:\/\/www.openbyt.com\/pt\/wp-json\/wp\/v2\/comments?post=5706"}],"version-history":[{"count":1,"href":"https:\/\/www.openbyt.com\/pt\/wp-json\/wp\/v2\/product\/5706\/revisions"}],"predecessor-version":[{"id":5710,"href":"https:\/\/www.openbyt.com\/pt\/wp-json\/wp\/v2\/product\/5706\/revisions\/5710"}],"wp:featuredmedia":[{"embeddable":true,"href":"https:\/\/www.openbyt.com\/pt\/wp-json\/wp\/v2\/media\/5707"}],"wp:attachment":[{"href":"https:\/\/www.openbyt.com\/pt\/wp-json\/wp\/v2\/media?parent=5706"}],"wp:term":[{"taxonomy":"product_cat","embeddable":true,"href":"https:\/\/www.openbyt.com\/pt\/wp-json\/wp\/v2\/product_cat?post=5706"},{"taxonomy":"product_tag","embeddable":true,"href":"https:\/\/www.openbyt.com\/pt\/wp-json\/wp\/v2\/product_tag?post=5706"}],"curies":[{"name":"wp","href":"https:\/\/api.w.org\/{rel}","templated":true}]}}