{"id":5711,"date":"2024-11-15T11:06:24","date_gmt":"2024-11-15T03:06:24","guid":{"rendered":"https:\/\/www.openbyt.com\/?post_type=product&#038;p=5711"},"modified":"2024-11-15T11:06:26","modified_gmt":"2024-11-15T03:06:26","slug":"gymness-sports-fitness-elementor-template-suite","status":"publish","type":"product","link":"https:\/\/www.openbyt.com\/pt\/produto\/gymness-desporto-fitness-elementor-template-suite","title":{"rendered":"Gymness - Conjunto de modelos Elementor para desporto e fitness"},"content":{"rendered":"<p>O Gymness \u00e9 um conjunto de modelos Elementor concebido para a ind\u00fastria do desporto e do fitness, para s\u00edtios Web relacionados com gin\u00e1sios, est\u00fadios de ioga, instrutores de fitness e muito mais. O conjunto oferece um design moderno e profissional com v\u00e1rias p\u00e1ginas e blocos pr\u00e9-concebidos para uma r\u00e1pida cria\u00e7\u00e3o e personaliza\u00e7\u00e3o do s\u00edtio Web.<\/p>\n<h2><b>Carater\u00edsticas principais:<\/b><\/h2>\n<ul>\n<li><b><strong>Layout de v\u00e1rias p\u00e1ginas:<\/strong><\/b> Inclui a p\u00e1gina inicial, sobre n\u00f3s, servi\u00e7os, aulas, equipa de forma\u00e7\u00e3o, blogue e p\u00e1gina de contacto para satisfazer diferentes necessidades de apresenta\u00e7\u00e3o de conte\u00fados.<\/li>\n<li><b><strong>Design responsivo:<\/strong><\/b> Assegure-se de que o s\u00edtio \u00e9 bem apresentado em computadores, tablets e dispositivos m\u00f3veis.<\/li>\n<li><b><strong>F\u00e1cil de personalizar:<\/strong><\/b> O editor de arrastar e largar do Elementor permite aos utilizadores modificar facilmente o conte\u00fado e o esquema sem programa\u00e7\u00e3o.<\/li>\n<li><b><strong>Adequado para SEO:<\/strong><\/b> Utiliza as melhores pr\u00e1ticas para melhorar a classifica\u00e7\u00e3o nos motores de busca.<\/li>\n<li><b><strong>Imagens de alta qualidade:<\/strong><\/b> As imagens no modelo de pr\u00e9-visualiza\u00e7\u00e3o prov\u00eam do Unsplash e do Pexels para garantir um aspeto visualmente apelativo.<\/li>\n<\/ul>\n<h2><b><strong>Prepara\u00e7\u00e3o antes da utiliza\u00e7\u00e3o:<\/strong><\/b><\/h2>\n<p>Antes de utilizar o conjunto de modelos Gymness, certifique-se de que o plug-in Elementor est\u00e1 instalado e ativado. Recomenda-se tamb\u00e9m que descarregue e instale os seguintes tipos de letra para garantir um design consistente:<\/p>\n<ul>\n<li><b><strong>Montserrat: https:<\/strong><\/b> <a href=\"https:\/\/www.361sale.com\/?golink=aHR0cHM6Ly93d3cuZm9udHNxdWlycmVsLmNvbS9mb250cy9tb250c2VycmF0\" target=\"_blank\" rel=\"noopener\">\/\/www.fontsquirrel.com\/fonts\/montserrat<\/a><\/li>\n<li><b><strong>Lato: https:<\/strong><\/b> <a href=\"https:\/\/www.361sale.com\/?golink=aHR0cHM6Ly93d3cuZm9udHNxdWlycmVsLmNvbS9mb250cy9sYXRv\" target=\"_blank\" rel=\"noopener\">\/\/www.fontsquirrel.com\/fonts\/lato<\/a><\/li>\n<\/ul>\n<p><b><strong>Acessibilidade:<\/strong><\/b><\/p>\n<p>O conjunto de modelos Gymness est\u00e1 dispon\u00edvel numa variedade de plataformas, como OnlyWordPress, DesignTemplatePlace e XYZTheme, por isso, selecione o canal adequado para transferir e instalar conforme necess\u00e1rio.<\/p>\n<p>Para mais informa\u00e7\u00f5es ou apoio, contacte-nos.<\/p>","protected":false},"excerpt":{"rendered":"<p>Gymness is an Elementor template suite designed for the sports and fitness industry, for websites related to gyms, yoga studios, fitness trainers and more. The&hellip;<\/p>","protected":false},"featured_media":5712,"comment_status":"open","ping_status":"closed","template":"","meta":[],"product_cat":[466],"product_tag":[],"class_list":{"0":"post-5711","1":"product","2":"type-product","3":"status-publish","4":"has-post-thumbnail","6":"product_cat-template","8":"first","9":"instock","10":"shipping-taxable","11":"purchasable","12":"product-type-simple"},"_links":{"self":[{"href":"https:\/\/www.openbyt.com\/pt\/wp-json\/wp\/v2\/product\/5711","targetHints":{"allow":["GET"]}}],"collection":[{"href":"https:\/\/www.openbyt.com\/pt\/wp-json\/wp\/v2\/product"}],"about":[{"href":"https:\/\/www.openbyt.com\/pt\/wp-json\/wp\/v2\/types\/product"}],"replies":[{"embeddable":true,"href":"https:\/\/www.openbyt.com\/pt\/wp-json\/wp\/v2\/comments?post=5711"}],"version-history":[{"count":1,"href":"https:\/\/www.openbyt.com\/pt\/wp-json\/wp\/v2\/product\/5711\/revisions"}],"predecessor-version":[{"id":5715,"href":"https:\/\/www.openbyt.com\/pt\/wp-json\/wp\/v2\/product\/5711\/revisions\/5715"}],"wp:featuredmedia":[{"embeddable":true,"href":"https:\/\/www.openbyt.com\/pt\/wp-json\/wp\/v2\/media\/5712"}],"wp:attachment":[{"href":"https:\/\/www.openbyt.com\/pt\/wp-json\/wp\/v2\/media?parent=5711"}],"wp:term":[{"taxonomy":"product_cat","embeddable":true,"href":"https:\/\/www.openbyt.com\/pt\/wp-json\/wp\/v2\/product_cat?post=5711"},{"taxonomy":"product_tag","embeddable":true,"href":"https:\/\/www.openbyt.com\/pt\/wp-json\/wp\/v2\/product_tag?post=5711"}],"curies":[{"name":"wp","href":"https:\/\/api.w.org\/{rel}","templated":true}]}}