{"id":5716,"date":"2024-11-15T11:08:51","date_gmt":"2024-11-15T03:08:51","guid":{"rendered":"https:\/\/www.openbyt.com\/?post_type=product&#038;p=5716"},"modified":"2024-11-15T11:09:06","modified_gmt":"2024-11-15T03:09:06","slug":"5716","status":"publish","type":"product","link":"https:\/\/www.openbyt.com\/pt\/produto\/5716","title":{"rendered":"Tarkamo - Conjunto de modelos Elementor para futebol e eventos desportivos"},"content":{"rendered":"<p><b><strong>Tarkamo - Elementor para futebol e eventos desportivos<\/strong><\/b> <b><strong>Conjunto de modelos<\/strong><\/b> \u00e9 um conjunto de modelos Elementor especialmente concebido para futebol e eventos desportivos, adequado para apresentar jogos, resultados, perfis de equipas, etc., facilitando a organiza\u00e7\u00e3o e a promo\u00e7\u00e3o de eventos desportivos.<\/p>\n<h2><b>Carater\u00edsticas principais:<\/b><\/h2>\n<ul>\n<li><b><strong>Conce\u00e7\u00e3o reactiva<\/strong><\/b>: garante uma boa visualiza\u00e7\u00e3o em dispositivos como computadores de secret\u00e1ria, tablets e smartphones.<\/li>\n<li><b><strong>Compatibilidade<\/strong><\/b>: Totalmente compat\u00edvel com o construtor de p\u00e1ginas Elementor, f\u00e1cil de personalizar sem conhecimentos de programa\u00e7\u00e3o.<\/li>\n<li><b><strong>Modelos pr\u00e9-concebidos<\/strong><\/b>: Inclui uma variedade de modelos de p\u00e1gina para a p\u00e1gina inicial, jogos, detalhes do jogo, equipas, detalhes da equipa, detalhes do jogador, p\u00e1gina de reserva, p\u00e1gina de pre\u00e7os, p\u00e1gina de blogue, p\u00e1gina de artigo \u00fanico, calend\u00e1rio de jogos e alinhamentos de jogos.<\/li>\n<li><b><strong>Complementos<\/strong><\/b>Inclui design de cabe\u00e7alho e rodap\u00e9, formul\u00e1rio de reserva MetForm, estilo global utilizando plugins como Elementor, Elementor Header &amp; Footer Builder, MetForm, ElementsKit Lite e Gum Elementor Addon.<\/li>\n<\/ul>\n<h2><b>Cen\u00e1rios de utiliza\u00e7\u00e3o:<\/b><\/h2>\n<p>O Tarkamo \u00e9 perfeito para criar s\u00edtios Web para clubes de futebol, eventos desportivos e actividades relacionadas. Com uma interface f\u00e1cil de utilizar e modelos facilmente personaliz\u00e1veis, o conjunto \u00e9 adequado tanto para principiantes como para programadores experientes.<\/p>","protected":false},"excerpt":{"rendered":"<p>Tarkamo &#8211; Football and Sporting Events Elementor Template Suite is an Elementor template suite specially designed for soccer and sporting events, suitable for displaying fixtures,&hellip;<\/p>","protected":false},"featured_media":5717,"comment_status":"open","ping_status":"closed","template":"","meta":[],"product_cat":[466],"product_tag":[],"class_list":{"0":"post-5716","1":"product","2":"type-product","3":"status-publish","4":"has-post-thumbnail","6":"product_cat-template","8":"first","9":"instock","10":"shipping-taxable","11":"product-type-simple"},"_links":{"self":[{"href":"https:\/\/www.openbyt.com\/pt\/wp-json\/wp\/v2\/product\/5716","targetHints":{"allow":["GET"]}}],"collection":[{"href":"https:\/\/www.openbyt.com\/pt\/wp-json\/wp\/v2\/product"}],"about":[{"href":"https:\/\/www.openbyt.com\/pt\/wp-json\/wp\/v2\/types\/product"}],"replies":[{"embeddable":true,"href":"https:\/\/www.openbyt.com\/pt\/wp-json\/wp\/v2\/comments?post=5716"}],"version-history":[{"count":2,"href":"https:\/\/www.openbyt.com\/pt\/wp-json\/wp\/v2\/product\/5716\/revisions"}],"predecessor-version":[{"id":5721,"href":"https:\/\/www.openbyt.com\/pt\/wp-json\/wp\/v2\/product\/5716\/revisions\/5721"}],"wp:featuredmedia":[{"embeddable":true,"href":"https:\/\/www.openbyt.com\/pt\/wp-json\/wp\/v2\/media\/5717"}],"wp:attachment":[{"href":"https:\/\/www.openbyt.com\/pt\/wp-json\/wp\/v2\/media?parent=5716"}],"wp:term":[{"taxonomy":"product_cat","embeddable":true,"href":"https:\/\/www.openbyt.com\/pt\/wp-json\/wp\/v2\/product_cat?post=5716"},{"taxonomy":"product_tag","embeddable":true,"href":"https:\/\/www.openbyt.com\/pt\/wp-json\/wp\/v2\/product_tag?post=5716"}],"curies":[{"name":"wp","href":"https:\/\/api.w.org\/{rel}","templated":true}]}}